{"id":2290,"date":"2022-07-21T15:15:15","date_gmt":"2022-07-21T15:15:15","guid":{"rendered":"https:\/\/www.hypertera.com\/?product=x-patukka-leader-easy-diet-tuplasuklaa-60g-gluteenitonpoistunut"},"modified":"2022-07-21T15:15:31","modified_gmt":"2022-07-21T15:15:31","slug":"x-patukka-leader-easy-diet-tuplasuklaa-60g-gluteenitonpoistunut","status":"publish","type":"product","link":"https:\/\/www.hypertera.com\/?product=x-patukka-leader-easy-diet-tuplasuklaa-60g-gluteenitonpoistunut","title":{"rendered":"X Patukka, Leader Easy diet, tuplasuklaa, 60g, gluteeniton(POISTUNUT)"},"content":{"rendered":"<p>UUTUUS!  Easy Diet tuplasuklaan makuinen patukka. Sopii erinomaisesti nopeaksi v\u00e4lipalaksi tai makean himoon. Easy Diet patukka on helppo ottaa vaikka t\u00f6ihin mukaan. Tuplasuklaa patukalla voi korvata p\u00e4iv\u00e4n ateriat korkeintaan 3 viikon ajan.   Valmistettu Suomessa.   Allergiatiedote: Saattaa sis\u00e4lt\u00e4\u00e4 maap\u00e4hkin\u00e4\u00e4, p\u00e4hkin\u00f6it\u00e4 ja seesaminsiemeni\u00e4.   Liiallisella k\u00e4yt\u00f6ll\u00e4 saattaa olla laksatiivisia vaikutuksia.<\/p>\n","protected":false},"excerpt":{"rendered":"<p>Tuplasuklaa, 60g, gluteeniton Leader Easy diet Patukka<\/p>\n","protected":false},"featured_media":0,"comment_status":"closed","ping_status":"closed","template":"","meta":[],"product_brand":[],"product_cat":[667,213,212,16],"product_tag":[668],"class_list":{"0":"post-2290","1":"product","2":"type-product","3":"status-publish","5":"product_cat-elintarvikkeet-ja-juomat","6":"product_cat-kahviotarvikkeet","7":"product_cat-muut-tuotteet-tuotteet","8":"product_cat-tuotteet","9":"product_tag-patukat","11":"first","12":"instock","13":"purchasable","14":"product-type-simple"},"jetpack_sharing_enabled":true,"_links":{"self":[{"href":"https:\/\/www.hypertera.com\/index.php?rest_route=\/wp\/v2\/product\/2290","targetHints":{"allow":["GET"]}}],"collection":[{"href":"https:\/\/www.hypertera.com\/index.php?rest_route=\/wp\/v2\/product"}],"about":[{"href":"https:\/\/www.hypertera.com\/index.php?rest_route=\/wp\/v2\/types\/product"}],"replies":[{"embeddable":true,"href":"https:\/\/www.hypertera.com\/index.php?rest_route=%2Fwp%2Fv2%2Fcomments&post=2290"}],"wp:attachment":[{"href":"https:\/\/www.hypertera.com\/index.php?rest_route=%2Fwp%2Fv2%2Fmedia&parent=2290"}],"wp:term":[{"taxonomy":"product_brand","embeddable":true,"href":"https:\/\/www.hypertera.com\/index.php?rest_route=%2Fwp%2Fv2%2Fproduct_brand&post=2290"},{"taxonomy":"product_cat","embeddable":true,"href":"https:\/\/www.hypertera.com\/index.php?rest_route=%2Fwp%2Fv2%2Fproduct_cat&post=2290"},{"taxonomy":"product_tag","embeddable":true,"href":"https:\/\/www.hypertera.com\/index.php?rest_route=%2Fwp%2Fv2%2Fproduct_tag&post=2290"}],"curies":[{"name":"wp","href":"https:\/\/api.w.org\/{rel}","templated":true}]}}