{"id":229,"date":"2022-07-21T13:43:43","date_gmt":"2022-07-21T13:43:43","guid":{"rendered":"https:\/\/www.hypertera.com\/?product=esiteteline-poydalle-q-connect-a4-1-osainen"},"modified":"2022-07-21T13:44:52","modified_gmt":"2022-07-21T13:44:52","slug":"esiteteline-poydalle-q-connect-a4-1-osainen","status":"publish","type":"product","link":"https:\/\/www.hypertera.com\/?product=esiteteline-poydalle-q-connect-a4-1-osainen","title":{"rendered":"Esiteteline p\u00f6yd\u00e4lle, Q-Connect, A4, 1-osainen"},"content":{"rendered":"<p>P\u00f6yd\u00e4ll\u00e4 pidett\u00e4v\u00e4 esiteteline A4-kokoisille esitteille. Telineeseen mahtuu n. 3 cm nippu esitteit\u00e4. Koko L230xS85xK248mm. Materiaali polystyreeni.<\/p>\n","protected":false},"excerpt":{"rendered":"<p>Q-Connect A4 1-osainen Esiteteline p\u00f6yd\u00e4lle<\/p>\n","protected":false},"featured_media":230,"comment_status":"closed","ping_status":"closed","template":"","meta":[],"product_brand":[],"product_cat":[123,124,30,16],"product_tag":[122],"class_list":{"0":"post-229","1":"product","2":"type-product","3":"status-publish","4":"has-post-thumbnail","6":"product_cat-esitetelineet","7":"product_cat-poytatelineet","8":"product_cat-toimistotarvikkeet","9":"product_cat-tuotteet","10":"product_tag-esitetelineet-poydalle","12":"first","13":"outofstock","14":"purchasable","15":"product-type-simple"},"jetpack_sharing_enabled":true,"_links":{"self":[{"href":"https:\/\/www.hypertera.com\/index.php?rest_route=\/wp\/v2\/product\/229","targetHints":{"allow":["GET"]}}],"collection":[{"href":"https:\/\/www.hypertera.com\/index.php?rest_route=\/wp\/v2\/product"}],"about":[{"href":"https:\/\/www.hypertera.com\/index.php?rest_route=\/wp\/v2\/types\/product"}],"replies":[{"embeddable":true,"href":"https:\/\/www.hypertera.com\/index.php?rest_route=%2Fwp%2Fv2%2Fcomments&post=229"}],"wp:featuredmedia":[{"embeddable":true,"href":"https:\/\/www.hypertera.com\/index.php?rest_route=\/wp\/v2\/media\/230"}],"wp:attachment":[{"href":"https:\/\/www.hypertera.com\/index.php?rest_route=%2Fwp%2Fv2%2Fmedia&parent=229"}],"wp:term":[{"taxonomy":"product_brand","embeddable":true,"href":"https:\/\/www.hypertera.com\/index.php?rest_route=%2Fwp%2Fv2%2Fproduct_brand&post=229"},{"taxonomy":"product_cat","embeddable":true,"href":"https:\/\/www.hypertera.com\/index.php?rest_route=%2Fwp%2Fv2%2Fproduct_cat&post=229"},{"taxonomy":"product_tag","embeddable":true,"href":"https:\/\/www.hypertera.com\/index.php?rest_route=%2Fwp%2Fv2%2Fproduct_tag&post=229"}],"curies":[{"name":"wp","href":"https:\/\/api.w.org\/{rel}","templated":true}]}}