{"id":2257,"date":"2022-07-21T15:14:26","date_gmt":"2022-07-21T15:14:26","guid":{"rendered":"https:\/\/www.hypertera.com\/?product=paperiliitin-26mm-kuparoitu-1-pkt-100"},"modified":"2022-07-21T15:14:29","modified_gmt":"2022-07-21T15:14:29","slug":"paperiliitin-26mm-kuparoitu-1-pkt-100","status":"publish","type":"product","link":"https:\/\/www.hypertera.com\/?product=paperiliitin-26mm-kuparoitu-1-pkt-100","title":{"rendered":"Paperiliitin, 26mm, kuparoitu, 1 pkt\/100"},"content":{"rendered":"<p>Kuparoitu 26 mm paperiliitin (klemmari) korkealaatuisesta ter\u00e4ksest\u00e4. Paketissa 100 kpl. Kuparointi pident\u00e4\u00e4 liittimen ik\u00e4\u00e4 ja ulkon\u00e4k\u00f6\u00e4.<\/p>\n","protected":false},"excerpt":{"rendered":"<p>Kuparoitu 26 mm paperiliitin, 1 pkt\/100<\/p>\n","protected":false},"featured_media":2258,"comment_status":"closed","ping_status":"closed","template":"","meta":[],"product_brand":[],"product_cat":[504,76,30,16],"product_tag":[660],"class_list":{"0":"post-2257","1":"product","2":"type-product","3":"status-publish","4":"has-post-thumbnail","6":"product_cat-liittimet-ja-liitinrasiat","7":"product_cat-toimiston-pientarvikkeet-toimistotarvikkeet","8":"product_cat-toimistotarvikkeet","9":"product_cat-tuotteet","10":"product_tag-paperiliittimet","12":"first","13":"instock","14":"purchasable","15":"product-type-simple"},"jetpack_sharing_enabled":true,"_links":{"self":[{"href":"https:\/\/www.hypertera.com\/index.php?rest_route=\/wp\/v2\/product\/2257","targetHints":{"allow":["GET"]}}],"collection":[{"href":"https:\/\/www.hypertera.com\/index.php?rest_route=\/wp\/v2\/product"}],"about":[{"href":"https:\/\/www.hypertera.com\/index.php?rest_route=\/wp\/v2\/types\/product"}],"replies":[{"embeddable":true,"href":"https:\/\/www.hypertera.com\/index.php?rest_route=%2Fwp%2Fv2%2Fcomments&post=2257"}],"wp:featuredmedia":[{"embeddable":true,"href":"https:\/\/www.hypertera.com\/index.php?rest_route=\/wp\/v2\/media\/2258"}],"wp:attachment":[{"href":"https:\/\/www.hypertera.com\/index.php?rest_route=%2Fwp%2Fv2%2Fmedia&parent=2257"}],"wp:term":[{"taxonomy":"product_brand","embeddable":true,"href":"https:\/\/www.hypertera.com\/index.php?rest_route=%2Fwp%2Fv2%2Fproduct_brand&post=2257"},{"taxonomy":"product_cat","embeddable":true,"href":"https:\/\/www.hypertera.com\/index.php?rest_route=%2Fwp%2Fv2%2Fproduct_cat&post=2257"},{"taxonomy":"product_tag","embeddable":true,"href":"https:\/\/www.hypertera.com\/index.php?rest_route=%2Fwp%2Fv2%2Fproduct_tag&post=2257"}],"curies":[{"name":"wp","href":"https:\/\/api.w.org\/{rel}","templated":true}]}}