{"id":2225,"date":"2022-07-21T15:13:43","date_gmt":"2022-07-21T15:13:43","guid":{"rendered":"https:\/\/www.hypertera.com\/?product=pakkausteippi-66m-x-50mm-50-mic-ruskea"},"modified":"2022-07-21T15:13:46","modified_gmt":"2022-07-21T15:13:46","slug":"pakkausteippi-66m-x-50mm-50-mic-ruskea","status":"publish","type":"product","link":"https:\/\/www.hypertera.com\/?product=pakkausteippi-66m-x-50mm-50-mic-ruskea","title":{"rendered":"Pakkausteippi, 66m x 50mm, 50 mic, ruskea"},"content":{"rendered":"<p>Paksusta polypropeenist\u00e4 (50 mic) valmistettu pakkausteippi, kun tarvitset erityist\u00e4 kest\u00e4vyytt\u00e4 paketteihisi. Liima on akryylipohjainen.   Teippi on ruskea. Rullassa on 66 metri\u00e4 teippi\u00e4. Teipin leveys 5 cm, joten se soveltuu suomalaisen ja keskieurooppalaisen standardin mukaan tehtyihin pakkausteipin katkolaitteisiin.<\/p>\n","protected":false},"excerpt":{"rendered":"<p>Ruskea 66m x 50mm 50 mic pakkausteippi<\/p>\n","protected":false},"featured_media":2226,"comment_status":"closed","ping_status":"closed","template":"","meta":[],"product_brand":[],"product_cat":[648,646,649,331,647,30,16],"product_tag":[650],"class_list":{"0":"post-2225","1":"product","2":"type-product","3":"status-publish","4":"has-post-thumbnail","6":"product_cat-pakkaustarvikkeet-toimistotarvikkeet-pakkausteipittuotteet","7":"product_cat-pakkausteipittuotteet","8":"product_cat-teipit","9":"product_cat-teipit-liimat-ja-korjaustarvikkeet-toimistotarvikkeet","10":"product_cat-toimistotarvikkeet-pakkausteipittuotteet","11":"product_cat-toimistotarvikkeet","12":"product_cat-tuotteet","13":"product_tag-pakkausteipit","15":"first","16":"instock","17":"purchasable","18":"product-type-simple"},"jetpack_sharing_enabled":true,"_links":{"self":[{"href":"https:\/\/www.hypertera.com\/index.php?rest_route=\/wp\/v2\/product\/2225","targetHints":{"allow":["GET"]}}],"collection":[{"href":"https:\/\/www.hypertera.com\/index.php?rest_route=\/wp\/v2\/product"}],"about":[{"href":"https:\/\/www.hypertera.com\/index.php?rest_route=\/wp\/v2\/types\/product"}],"replies":[{"embeddable":true,"href":"https:\/\/www.hypertera.com\/index.php?rest_route=%2Fwp%2Fv2%2Fcomments&post=2225"}],"wp:featuredmedia":[{"embeddable":true,"href":"https:\/\/www.hypertera.com\/index.php?rest_route=\/wp\/v2\/media\/2226"}],"wp:attachment":[{"href":"https:\/\/www.hypertera.com\/index.php?rest_route=%2Fwp%2Fv2%2Fmedia&parent=2225"}],"wp:term":[{"taxonomy":"product_brand","embeddable":true,"href":"https:\/\/www.hypertera.com\/index.php?rest_route=%2Fwp%2Fv2%2Fproduct_brand&post=2225"},{"taxonomy":"product_cat","embeddable":true,"href":"https:\/\/www.hypertera.com\/index.php?rest_route=%2Fwp%2Fv2%2Fproduct_cat&post=2225"},{"taxonomy":"product_tag","embeddable":true,"href":"https:\/\/www.hypertera.com\/index.php?rest_route=%2Fwp%2Fv2%2Fproduct_tag&post=2225"}],"curies":[{"name":"wp","href":"https:\/\/api.w.org\/{rel}","templated":true}]}}