{"id":2209,"date":"2022-07-21T15:13:02","date_gmt":"2022-07-21T15:13:02","guid":{"rendered":"https:\/\/www.hypertera.com\/?product=paineilma-400ml"},"modified":"2022-07-21T15:13:15","modified_gmt":"2022-07-21T15:13:15","slug":"paineilma-400ml","status":"publish","type":"product","link":"https:\/\/www.hypertera.com\/?product=paineilma-400ml","title":{"rendered":"Paineilma, 400ml"},"content":{"rendered":"<p>Paineilma puhaltaa p\u00f6lyn ja lian vaikeap\u00e4\u00e4syisist\u00e4kin paikoista n\u00e4pp\u00e4imist\u00f6ist\u00e4, tulostimista, dvd-asemista, kopiokoneista ja muista laitteista. Voit s\u00e4\u00e4t\u00e4\u00e4 ilmanpainetta painamalla eri voimakkuudella.  Paineilmapurkki on paineistettu ja saattaa r\u00e4j\u00e4ht\u00e4\u00e4 tulessa. Tuotteessa ei ole k\u00e4ytetty CFC:t\u00e4 eik\u00e4 HCFC:t\u00e4.<\/p>\n","protected":false},"excerpt":{"rendered":"<p>Paineilma, 400ml<\/p>\n","protected":false},"featured_media":2210,"comment_status":"closed","ping_status":"closed","template":"","meta":[],"product_brand":[],"product_cat":[212,548,16],"product_tag":[637],"class_list":{"0":"post-2209","1":"product","2":"type-product","3":"status-publish","4":"has-post-thumbnail","6":"product_cat-muut-tuotteet-tuotteet","7":"product_cat-puhdistusvalineet-muut-tuotteet-tuotteet","8":"product_cat-tuotteet","9":"product_tag-paineilmat","11":"first","12":"instock","13":"purchasable","14":"product-type-simple"},"jetpack_sharing_enabled":true,"_links":{"self":[{"href":"https:\/\/www.hypertera.com\/index.php?rest_route=\/wp\/v2\/product\/2209","targetHints":{"allow":["GET"]}}],"collection":[{"href":"https:\/\/www.hypertera.com\/index.php?rest_route=\/wp\/v2\/product"}],"about":[{"href":"https:\/\/www.hypertera.com\/index.php?rest_route=\/wp\/v2\/types\/product"}],"replies":[{"embeddable":true,"href":"https:\/\/www.hypertera.com\/index.php?rest_route=%2Fwp%2Fv2%2Fcomments&post=2209"}],"wp:featuredmedia":[{"embeddable":true,"href":"https:\/\/www.hypertera.com\/index.php?rest_route=\/wp\/v2\/media\/2210"}],"wp:attachment":[{"href":"https:\/\/www.hypertera.com\/index.php?rest_route=%2Fwp%2Fv2%2Fmedia&parent=2209"}],"wp:term":[{"taxonomy":"product_brand","embeddable":true,"href":"https:\/\/www.hypertera.com\/index.php?rest_route=%2Fwp%2Fv2%2Fproduct_brand&post=2209"},{"taxonomy":"product_cat","embeddable":true,"href":"https:\/\/www.hypertera.com\/index.php?rest_route=%2Fwp%2Fv2%2Fproduct_cat&post=2209"},{"taxonomy":"product_tag","embeddable":true,"href":"https:\/\/www.hypertera.com\/index.php?rest_route=%2Fwp%2Fv2%2Fproduct_tag&post=2209"}],"curies":[{"name":"wp","href":"https:\/\/api.w.org\/{rel}","templated":true}]}}