{"id":22,"date":"2022-07-21T13:38:01","date_gmt":"2022-07-21T13:38:01","guid":{"rendered":"https:\/\/www.hypertera.com\/?product=adapteri-displayport-uros-hdmi-a-naaras-0-15m-musta"},"modified":"2022-07-21T13:38:15","modified_gmt":"2022-07-21T13:38:15","slug":"adapteri-displayport-uros-hdmi-a-naaras-0-15m-musta","status":"publish","type":"product","link":"https:\/\/www.hypertera.com\/?product=adapteri-displayport-uros-hdmi-a-naaras-0-15m-musta","title":{"rendered":"Adapteri, DisplayPort-uros\/HDMI-A-naaras, 0.15m, musta"},"content":{"rendered":"<p>15cm pitk\u00e4 DisplayPort-HDMI adapterikaapeli. Liittimet DisplayPort1.1a uros ja HDMI-A naaras. DisplayPort-HDMI adapterikaapelilla voit muuttaa DisplayPort liit\u00e4nn\u00e4n HDMI liit\u00e4nn\u00e4ksi.<\/p>\n","protected":false},"excerpt":{"rendered":"<p>Musta DisplayPort-uros\/HDMI-A-naaras 0.15m Adapteri<\/p>\n","protected":false},"featured_media":23,"comment_status":"closed","ping_status":"closed","template":"","meta":[],"product_brand":[],"product_cat":[15],"product_tag":[26],"class_list":{"0":"post-22","1":"product","2":"type-product","3":"status-publish","4":"has-post-thumbnail","6":"product_cat-uncategorized","7":"product_tag-adapterit","9":"first","10":"instock","11":"purchasable","12":"product-type-simple"},"jetpack_sharing_enabled":true,"_links":{"self":[{"href":"https:\/\/www.hypertera.com\/index.php?rest_route=\/wp\/v2\/product\/22","targetHints":{"allow":["GET"]}}],"collection":[{"href":"https:\/\/www.hypertera.com\/index.php?rest_route=\/wp\/v2\/product"}],"about":[{"href":"https:\/\/www.hypertera.com\/index.php?rest_route=\/wp\/v2\/types\/product"}],"replies":[{"embeddable":true,"href":"https:\/\/www.hypertera.com\/index.php?rest_route=%2Fwp%2Fv2%2Fcomments&post=22"}],"wp:featuredmedia":[{"embeddable":true,"href":"https:\/\/www.hypertera.com\/index.php?rest_route=\/wp\/v2\/media\/23"}],"wp:attachment":[{"href":"https:\/\/www.hypertera.com\/index.php?rest_route=%2Fwp%2Fv2%2Fmedia&parent=22"}],"wp:term":[{"taxonomy":"product_brand","embeddable":true,"href":"https:\/\/www.hypertera.com\/index.php?rest_route=%2Fwp%2Fv2%2Fproduct_brand&post=22"},{"taxonomy":"product_cat","embeddable":true,"href":"https:\/\/www.hypertera.com\/index.php?rest_route=%2Fwp%2Fv2%2Fproduct_cat&post=22"},{"taxonomy":"product_tag","embeddable":true,"href":"https:\/\/www.hypertera.com\/index.php?rest_route=%2Fwp%2Fv2%2Fproduct_tag&post=22"}],"curies":[{"name":"wp","href":"https:\/\/api.w.org\/{rel}","templated":true}]}}