{"id":2196,"date":"2022-07-21T15:12:45","date_gmt":"2022-07-21T15:12:45","guid":{"rendered":"https:\/\/www.hypertera.com\/?product=objektiivin-vastavalosuoja-matin-m-6217-kumi-metallikierre-52-mm"},"modified":"2022-07-21T15:12:47","modified_gmt":"2022-07-21T15:12:47","slug":"objektiivin-vastavalosuoja-matin-m-6217-kumi-metallikierre-52-mm","status":"publish","type":"product","link":"https:\/\/www.hypertera.com\/?product=objektiivin-vastavalosuoja-matin-m-6217-kumi-metallikierre-52-mm","title":{"rendered":"Objektiivin vastavalosuoja, Matin M-6217, kumi, metallikierre, 52 mm"},"content":{"rendered":"<p>Vastavalosuoja 52 mm kierteell\u00e4. Vastavalosuoja itsess\u00e4\u00e4n on kumia, ja on helppo taittaa pieneen kasaan esimerkiksi matkalle.  Toisaalta joskus vastavalosuoja saattaa osua kohteisiin. Kova vastavalosuoja saattaa \u00e4\u00e4ritapauksissa johtaa osan iskusta objektiiviin. Kuminen suojus sen sijaan joustaa itse.<\/p>\n","protected":false},"excerpt":{"rendered":"<p>Matin M-6217 Objektiivin vastavalosuoja<\/p>\n","protected":false},"featured_media":2197,"comment_status":"closed","ping_status":"closed","template":"","meta":[],"product_brand":[],"product_cat":[15],"product_tag":[625],"class_list":{"0":"post-2196","1":"product","2":"type-product","3":"status-publish","4":"has-post-thumbnail","6":"product_cat-uncategorized","7":"product_tag-objektiivin-vastavalosuojat","9":"first","10":"instock","11":"purchasable","12":"product-type-simple"},"jetpack_sharing_enabled":true,"_links":{"self":[{"href":"https:\/\/www.hypertera.com\/index.php?rest_route=\/wp\/v2\/product\/2196","targetHints":{"allow":["GET"]}}],"collection":[{"href":"https:\/\/www.hypertera.com\/index.php?rest_route=\/wp\/v2\/product"}],"about":[{"href":"https:\/\/www.hypertera.com\/index.php?rest_route=\/wp\/v2\/types\/product"}],"replies":[{"embeddable":true,"href":"https:\/\/www.hypertera.com\/index.php?rest_route=%2Fwp%2Fv2%2Fcomments&post=2196"}],"wp:featuredmedia":[{"embeddable":true,"href":"https:\/\/www.hypertera.com\/index.php?rest_route=\/wp\/v2\/media\/2197"}],"wp:attachment":[{"href":"https:\/\/www.hypertera.com\/index.php?rest_route=%2Fwp%2Fv2%2Fmedia&parent=2196"}],"wp:term":[{"taxonomy":"product_brand","embeddable":true,"href":"https:\/\/www.hypertera.com\/index.php?rest_route=%2Fwp%2Fv2%2Fproduct_brand&post=2196"},{"taxonomy":"product_cat","embeddable":true,"href":"https:\/\/www.hypertera.com\/index.php?rest_route=%2Fwp%2Fv2%2Fproduct_cat&post=2196"},{"taxonomy":"product_tag","embeddable":true,"href":"https:\/\/www.hypertera.com\/index.php?rest_route=%2Fwp%2Fv2%2Fproduct_tag&post=2196"}],"curies":[{"name":"wp","href":"https:\/\/api.w.org\/{rel}","templated":true}]}}