{"id":2190,"date":"2022-07-21T15:12:36","date_gmt":"2022-07-21T15:12:36","guid":{"rendered":"https:\/\/www.hypertera.com\/?product=objektiivin-suojapussi-matin-neopreeni"},"modified":"2022-07-21T15:12:38","modified_gmt":"2022-07-21T15:12:38","slug":"objektiivin-suojapussi-matin-neopreeni","status":"publish","type":"product","link":"https:\/\/www.hypertera.com\/?product=objektiivin-suojapussi-matin-neopreeni","title":{"rendered":"Objektiivin suojapussi, Matin, neopreeni"},"content":{"rendered":"<p>Vahva objektin suojapussi on valmistettu pehme\u00e4st\u00e4 neopreenist\u00e4, jotta suojapussi olisi mahdollisimman kevyt. Suojapussin saa suljettua vetonauhalla ja sen saa kiinnitetty\u00e4 esim. reppuun koukulla. Objektin suojapussi sopii standardilinsseille ja linsseille 90 mm korkeuteen asti ja halkaisijaltaan 75 mm asti.   Suojapussin koko: korkeus 90 mm, halkaisija 90 mm ja paino 50 g.<\/p>\n","protected":false},"excerpt":{"rendered":"<p>Neopreeni Matin Objektiivin suojapussi<\/p>\n","protected":false},"featured_media":0,"comment_status":"closed","ping_status":"closed","template":"","meta":[],"product_brand":[],"product_cat":[15],"product_tag":[623],"class_list":{"0":"post-2190","1":"product","2":"type-product","3":"status-publish","5":"product_cat-uncategorized","6":"product_tag-objektiivin-suojapussit","8":"first","9":"outofstock","10":"purchasable","11":"product-type-simple"},"jetpack_sharing_enabled":true,"_links":{"self":[{"href":"https:\/\/www.hypertera.com\/index.php?rest_route=\/wp\/v2\/product\/2190","targetHints":{"allow":["GET"]}}],"collection":[{"href":"https:\/\/www.hypertera.com\/index.php?rest_route=\/wp\/v2\/product"}],"about":[{"href":"https:\/\/www.hypertera.com\/index.php?rest_route=\/wp\/v2\/types\/product"}],"replies":[{"embeddable":true,"href":"https:\/\/www.hypertera.com\/index.php?rest_route=%2Fwp%2Fv2%2Fcomments&post=2190"}],"wp:attachment":[{"href":"https:\/\/www.hypertera.com\/index.php?rest_route=%2Fwp%2Fv2%2Fmedia&parent=2190"}],"wp:term":[{"taxonomy":"product_brand","embeddable":true,"href":"https:\/\/www.hypertera.com\/index.php?rest_route=%2Fwp%2Fv2%2Fproduct_brand&post=2190"},{"taxonomy":"product_cat","embeddable":true,"href":"https:\/\/www.hypertera.com\/index.php?rest_route=%2Fwp%2Fv2%2Fproduct_cat&post=2190"},{"taxonomy":"product_tag","embeddable":true,"href":"https:\/\/www.hypertera.com\/index.php?rest_route=%2Fwp%2Fv2%2Fproduct_tag&post=2190"}],"curies":[{"name":"wp","href":"https:\/\/api.w.org\/{rel}","templated":true}]}}