{"id":2188,"date":"2022-07-21T15:12:36","date_gmt":"2022-07-21T15:12:36","guid":{"rendered":"https:\/\/www.hypertera.com\/?product=objektiiviadapteri-byomic-mikroskooppeihin-23-mm-putkella"},"modified":"2022-07-21T15:12:38","modified_gmt":"2022-07-21T15:12:38","slug":"objektiiviadapteri-byomic-mikroskooppeihin-23-mm-putkella","status":"publish","type":"product","link":"https:\/\/www.hypertera.com\/?product=objektiiviadapteri-byomic-mikroskooppeihin-23-mm-putkella","title":{"rendered":"Objektiiviadapteri, Byomic, mikroskooppeihin 23 mm putkella"},"content":{"rendered":"<p>T\u00e4ll\u00e4 adapterilla voit yhdist\u00e4\u00e4 Byomic-mikroskoopin &#8211; tai muun mikroskoopin, jossa putken halkaisija on 23 mm ilman okulaaria &#8211; j\u00e4rjestelm\u00e4kameraan T2-adapterilla. T\u00e4m\u00e4n adapterin lis\u00e4ksi tarvitset siis kameramalliisi sopivan T2-adapterin. Mikroskoopin sis\u00e4lle menev\u00e4 osuus adapterista on 21 mm, ja koko adapterin pituus on 70 mm.  Valokuvien ottaminen tapahtuu siten, ett\u00e4 poistat mikroskoopista okulaarin, ja asetat t\u00e4m\u00e4n adapterin tilalle. Ota j\u00e4rjestelm\u00e4kamerasta objektiivi pois ja aseta siihen T2-adapteri. T2-adapterin liit\u00e4t t\u00e4h\u00e4n adapteriin.<\/p>\n","protected":false},"excerpt":{"rendered":"<p>Byomic mikroskoopit 23mm Objektiiviadapteri<\/p>\n","protected":false},"featured_media":2189,"comment_status":"closed","ping_status":"closed","template":"","meta":[],"product_brand":[],"product_cat":[15],"product_tag":[622],"class_list":{"0":"post-2188","1":"product","2":"type-product","3":"status-publish","4":"has-post-thumbnail","6":"product_cat-uncategorized","7":"product_tag-objektiiviadapterit","9":"first","10":"instock","11":"purchasable","12":"product-type-simple"},"jetpack_sharing_enabled":true,"_links":{"self":[{"href":"https:\/\/www.hypertera.com\/index.php?rest_route=\/wp\/v2\/product\/2188","targetHints":{"allow":["GET"]}}],"collection":[{"href":"https:\/\/www.hypertera.com\/index.php?rest_route=\/wp\/v2\/product"}],"about":[{"href":"https:\/\/www.hypertera.com\/index.php?rest_route=\/wp\/v2\/types\/product"}],"replies":[{"embeddable":true,"href":"https:\/\/www.hypertera.com\/index.php?rest_route=%2Fwp%2Fv2%2Fcomments&post=2188"}],"wp:featuredmedia":[{"embeddable":true,"href":"https:\/\/www.hypertera.com\/index.php?rest_route=\/wp\/v2\/media\/2189"}],"wp:attachment":[{"href":"https:\/\/www.hypertera.com\/index.php?rest_route=%2Fwp%2Fv2%2Fmedia&parent=2188"}],"wp:term":[{"taxonomy":"product_brand","embeddable":true,"href":"https:\/\/www.hypertera.com\/index.php?rest_route=%2Fwp%2Fv2%2Fproduct_brand&post=2188"},{"taxonomy":"product_cat","embeddable":true,"href":"https:\/\/www.hypertera.com\/index.php?rest_route=%2Fwp%2Fv2%2Fproduct_cat&post=2188"},{"taxonomy":"product_tag","embeddable":true,"href":"https:\/\/www.hypertera.com\/index.php?rest_route=%2Fwp%2Fv2%2Fproduct_tag&post=2188"}],"curies":[{"name":"wp","href":"https:\/\/api.w.org\/{rel}","templated":true}]}}