{"id":2186,"date":"2022-07-21T15:12:36","date_gmt":"2022-07-21T15:12:36","guid":{"rendered":"https:\/\/www.hypertera.com\/?product=nayton-puhdistusgeeli-200ml"},"modified":"2022-07-21T15:12:36","modified_gmt":"2022-07-21T15:12:36","slug":"nayton-puhdistusgeeli-200ml","status":"publish","type":"product","link":"https:\/\/www.hypertera.com\/?product=nayton-puhdistusgeeli-200ml","title":{"rendered":"N\u00e4yt\u00f6n puhdistusgeeli, 200ml"},"content":{"rendered":"<p>Puhdistusgeeli on suunniteltu erityisesti kakikkien litteiden n\u00e4ytt\u00f6jen (mm. TFT\/LCD- ja plasma) puhdistamiseen. Sopii niin kannettaville kuin p\u00f6yt\u00e4koneille. Poistaa staattista s\u00e4hk\u00f6isyytt\u00e4 ja v\u00e4hent\u00e4\u00e4 t\u00e4ten n\u00e4yt\u00f6n pintaan tarttuvaa p\u00f6ly\u00e4.  Sammuta n\u00e4ytt\u00f6 ensin ja anna sen j\u00e4\u00e4hty\u00e4. Laita geeli mikrokuituliinalle ja pyyhi n\u00e4ytt\u00f6. Kuivaa ja kiillota pinta lopuksi kuivalla mikrokuitliinalla.<\/p>\n","protected":false},"excerpt":{"rendered":"<p>N\u00e4yt\u00f6n puhdistusgeeli, 200ml<\/p>\n","protected":false},"featured_media":2187,"comment_status":"closed","ping_status":"closed","template":"","meta":[],"product_brand":[],"product_cat":[15],"product_tag":[621],"class_list":{"0":"post-2186","1":"product","2":"type-product","3":"status-publish","4":"has-post-thumbnail","6":"product_cat-uncategorized","7":"product_tag-nayton-puhdistusgeelit","9":"first","10":"instock","11":"purchasable","12":"product-type-simple"},"jetpack_sharing_enabled":true,"_links":{"self":[{"href":"https:\/\/www.hypertera.com\/index.php?rest_route=\/wp\/v2\/product\/2186","targetHints":{"allow":["GET"]}}],"collection":[{"href":"https:\/\/www.hypertera.com\/index.php?rest_route=\/wp\/v2\/product"}],"about":[{"href":"https:\/\/www.hypertera.com\/index.php?rest_route=\/wp\/v2\/types\/product"}],"replies":[{"embeddable":true,"href":"https:\/\/www.hypertera.com\/index.php?rest_route=%2Fwp%2Fv2%2Fcomments&post=2186"}],"wp:featuredmedia":[{"embeddable":true,"href":"https:\/\/www.hypertera.com\/index.php?rest_route=\/wp\/v2\/media\/2187"}],"wp:attachment":[{"href":"https:\/\/www.hypertera.com\/index.php?rest_route=%2Fwp%2Fv2%2Fmedia&parent=2186"}],"wp:term":[{"taxonomy":"product_brand","embeddable":true,"href":"https:\/\/www.hypertera.com\/index.php?rest_route=%2Fwp%2Fv2%2Fproduct_brand&post=2186"},{"taxonomy":"product_cat","embeddable":true,"href":"https:\/\/www.hypertera.com\/index.php?rest_route=%2Fwp%2Fv2%2Fproduct_cat&post=2186"},{"taxonomy":"product_tag","embeddable":true,"href":"https:\/\/www.hypertera.com\/index.php?rest_route=%2Fwp%2Fv2%2Fproduct_tag&post=2186"}],"curies":[{"name":"wp","href":"https:\/\/api.w.org\/{rel}","templated":true}]}}