{"id":2184,"date":"2022-07-21T15:12:13","date_gmt":"2022-07-21T15:12:13","guid":{"rendered":"https:\/\/www.hypertera.com\/?product=nappaimisto-logitech-k360-langaton"},"modified":"2022-07-21T15:12:32","modified_gmt":"2022-07-21T15:12:32","slug":"nappaimisto-logitech-k360-langaton","status":"publish","type":"product","link":"https:\/\/www.hypertera.com\/?product=nappaimisto-logitech-k360-langaton","title":{"rendered":"N\u00e4pp\u00e4imist\u00f6, Logitech K360, langaton"},"content":{"rendered":"<p>Langaton Unifying-n\u00e4pp\u00e4imist\u00f6, k\u00e4tev\u00e4 s\u00e4ilytt\u00e4\u00e4 ja kuljettaa. Radiotaajuus 2,4 GHz. Paristojen k\u00e4ytt\u00f6ik\u00e4 jopa 3 vuotta (2xAA). Internet-selaaminen, laskin ja s\u00e4hk\u00f6posti. Roiskeiden kest\u00e4v\u00e4. Takuu 3 vuotta.<\/p>\n","protected":false},"excerpt":{"rendered":"<p>Langaton Unifying-n\u00e4pp\u00e4imist\u00f6, k\u00e4tev\u00e4 s\u00e4ilytt\u00e4\u00e4 ja kuljettaa. Radiotaajuus 2,4 GHz. Paristojen k\u00e4ytt\u00f6ik\u00e4 jopa 3 vuotta (2xAA). Internet-selaaminen, laskin ja s\u00e4hk\u00f6posti. Roiskeiden kest\u00e4v\u00e4. Takuu 3 vuotta.<\/p>\n","protected":false},"featured_media":2185,"comment_status":"closed","ping_status":"closed","template":"","meta":[],"product_brand":[],"product_cat":[15],"product_tag":[96],"class_list":{"0":"post-2184","1":"product","2":"type-product","3":"status-publish","4":"has-post-thumbnail","6":"product_cat-uncategorized","7":"product_tag-tuunaustarrat","9":"first","10":"instock","11":"purchasable","12":"product-type-simple"},"jetpack_sharing_enabled":true,"_links":{"self":[{"href":"https:\/\/www.hypertera.com\/index.php?rest_route=\/wp\/v2\/product\/2184","targetHints":{"allow":["GET"]}}],"collection":[{"href":"https:\/\/www.hypertera.com\/index.php?rest_route=\/wp\/v2\/product"}],"about":[{"href":"https:\/\/www.hypertera.com\/index.php?rest_route=\/wp\/v2\/types\/product"}],"replies":[{"embeddable":true,"href":"https:\/\/www.hypertera.com\/index.php?rest_route=%2Fwp%2Fv2%2Fcomments&post=2184"}],"wp:featuredmedia":[{"embeddable":true,"href":"https:\/\/www.hypertera.com\/index.php?rest_route=\/wp\/v2\/media\/2185"}],"wp:attachment":[{"href":"https:\/\/www.hypertera.com\/index.php?rest_route=%2Fwp%2Fv2%2Fmedia&parent=2184"}],"wp:term":[{"taxonomy":"product_brand","embeddable":true,"href":"https:\/\/www.hypertera.com\/index.php?rest_route=%2Fwp%2Fv2%2Fproduct_brand&post=2184"},{"taxonomy":"product_cat","embeddable":true,"href":"https:\/\/www.hypertera.com\/index.php?rest_route=%2Fwp%2Fv2%2Fproduct_cat&post=2184"},{"taxonomy":"product_tag","embeddable":true,"href":"https:\/\/www.hypertera.com\/index.php?rest_route=%2Fwp%2Fv2%2Fproduct_tag&post=2184"}],"curies":[{"name":"wp","href":"https:\/\/api.w.org\/{rel}","templated":true}]}}