{"id":2181,"date":"2022-07-21T15:12:13","date_gmt":"2022-07-21T15:12:13","guid":{"rendered":"https:\/\/www.hypertera.com\/?product=nokkakarry-70-kg-taitettava-nokkalevy-umpikumipyorat"},"modified":"2022-07-21T15:12:23","modified_gmt":"2022-07-21T15:12:23","slug":"nokkakarry-70-kg-taitettava-nokkalevy-umpikumipyorat","status":"publish","type":"product","link":"https:\/\/www.hypertera.com\/?product=nokkakarry-70-kg-taitettava-nokkalevy-umpikumipyorat","title":{"rendered":"Nokkak\u00e4rry, 70 kg, taitettava nokkalevy, umpikumipy\u00f6r\u00e4t"},"content":{"rendered":"<p>Edullinen ja pienikokoinen nokkak\u00e4rry umpikumipy\u00f6rill\u00e4. Nokkalevy taittuu varastossa yl\u00f6s, ja vetokahva voidaan painaa kasaan. Nokkalevyn koko 35&#215;25 cm. Korkeus kokoontaitettun 75 cm, auki vedettyn\u00e4 109 cm. Maksimikapasiteetti 70 kg.<\/p>\n","protected":false},"excerpt":{"rendered":"<p>70 kg taitettava nokkak\u00e4rry<\/p>\n","protected":false},"featured_media":2182,"comment_status":"closed","ping_status":"closed","template":"","meta":[],"product_brand":[],"product_cat":[16,618,366],"product_tag":[619],"class_list":{"0":"post-2181","1":"product","2":"type-product","3":"status-publish","4":"has-post-thumbnail","6":"product_cat-tuotteet","7":"product_cat-varastokarryt-varastoon-tuotteet","8":"product_cat-varastoon-tuotteet","9":"product_tag-nokkakarryt","11":"first","12":"outofstock","13":"purchasable","14":"product-type-simple"},"jetpack_sharing_enabled":true,"_links":{"self":[{"href":"https:\/\/www.hypertera.com\/index.php?rest_route=\/wp\/v2\/product\/2181","targetHints":{"allow":["GET"]}}],"collection":[{"href":"https:\/\/www.hypertera.com\/index.php?rest_route=\/wp\/v2\/product"}],"about":[{"href":"https:\/\/www.hypertera.com\/index.php?rest_route=\/wp\/v2\/types\/product"}],"replies":[{"embeddable":true,"href":"https:\/\/www.hypertera.com\/index.php?rest_route=%2Fwp%2Fv2%2Fcomments&post=2181"}],"wp:featuredmedia":[{"embeddable":true,"href":"https:\/\/www.hypertera.com\/index.php?rest_route=\/wp\/v2\/media\/2182"}],"wp:attachment":[{"href":"https:\/\/www.hypertera.com\/index.php?rest_route=%2Fwp%2Fv2%2Fmedia&parent=2181"}],"wp:term":[{"taxonomy":"product_brand","embeddable":true,"href":"https:\/\/www.hypertera.com\/index.php?rest_route=%2Fwp%2Fv2%2Fproduct_brand&post=2181"},{"taxonomy":"product_cat","embeddable":true,"href":"https:\/\/www.hypertera.com\/index.php?rest_route=%2Fwp%2Fv2%2Fproduct_cat&post=2181"},{"taxonomy":"product_tag","embeddable":true,"href":"https:\/\/www.hypertera.com\/index.php?rest_route=%2Fwp%2Fv2%2Fproduct_tag&post=2181"}],"curies":[{"name":"wp","href":"https:\/\/api.w.org\/{rel}","templated":true}]}}