{"id":2173,"date":"2022-07-21T15:12:02","date_gmt":"2022-07-21T15:12:02","guid":{"rendered":"https:\/\/www.hypertera.com\/?product=nitojanasta-rapid-super-strong-24-8-1-pkt-5000"},"modified":"2022-07-21T15:12:07","modified_gmt":"2022-07-21T15:12:07","slug":"nitojanasta-rapid-super-strong-24-8-1-pkt-5000","status":"publish","type":"product","link":"https:\/\/www.hypertera.com\/?product=nitojanasta-rapid-super-strong-24-8-1-pkt-5000","title":{"rendered":"Nitojanasta, Rapid Super strong 24\/8+, 1 pkt\/5000"},"content":{"rendered":"<p>Rapid Super Strong 24\/8+. Niitojanastan mitat: 12.8&#215;8.5&#215;0.67mm. Ter\u00e4vien reunojen ansiosta t\u00e4ll\u00e4 nitojanastalla voi niitata jopa 60 sivua yhteen Rapid S60 nitojalla ja 50 sivua Rapid HD12, HD50, K1, K2 sek\u00e4 S50 nitojilla. Pakkauksessa 5000kpl nitojanastoja.<\/p>\n","protected":false},"excerpt":{"rendered":"<p>Rapid Super strong 24\/8+ Nitojanasta, 1 pkt\/5000<\/p>\n","protected":false},"featured_media":2174,"comment_status":"closed","ping_status":"closed","template":"","meta":[],"product_brand":[],"product_cat":[607,609,610,76,608,30,16],"product_tag":[611],"class_list":{"0":"post-2173","1":"product","2":"type-product","3":"status-publish","4":"has-post-thumbnail","6":"product_cat-nastat-ja-nastanpoistimettuotteet","7":"product_cat-nitojat-ja-lavistimet-toimistotarvikkeet-nastat-ja-nastanpoistimettuotteet","8":"product_cat-nitomanastat-nitojat-ja-lavistimet-toimistotarvikkeet-nastat-ja-nastanpoistimettuotteet","9":"product_cat-toimiston-pientarvikkeet-toimistotarvikkeet","10":"product_cat-toimistotarvikkeet-nastat-ja-nastanpoistimettuotteet","11":"product_cat-toimistotarvikkeet","12":"product_cat-tuotteet","13":"product_tag-nitomanastat","15":"first","16":"instock","17":"purchasable","18":"product-type-simple"},"jetpack_sharing_enabled":true,"_links":{"self":[{"href":"https:\/\/www.hypertera.com\/index.php?rest_route=\/wp\/v2\/product\/2173","targetHints":{"allow":["GET"]}}],"collection":[{"href":"https:\/\/www.hypertera.com\/index.php?rest_route=\/wp\/v2\/product"}],"about":[{"href":"https:\/\/www.hypertera.com\/index.php?rest_route=\/wp\/v2\/types\/product"}],"replies":[{"embeddable":true,"href":"https:\/\/www.hypertera.com\/index.php?rest_route=%2Fwp%2Fv2%2Fcomments&post=2173"}],"wp:featuredmedia":[{"embeddable":true,"href":"https:\/\/www.hypertera.com\/index.php?rest_route=\/wp\/v2\/media\/2174"}],"wp:attachment":[{"href":"https:\/\/www.hypertera.com\/index.php?rest_route=%2Fwp%2Fv2%2Fmedia&parent=2173"}],"wp:term":[{"taxonomy":"product_brand","embeddable":true,"href":"https:\/\/www.hypertera.com\/index.php?rest_route=%2Fwp%2Fv2%2Fproduct_brand&post=2173"},{"taxonomy":"product_cat","embeddable":true,"href":"https:\/\/www.hypertera.com\/index.php?rest_route=%2Fwp%2Fv2%2Fproduct_cat&post=2173"},{"taxonomy":"product_tag","embeddable":true,"href":"https:\/\/www.hypertera.com\/index.php?rest_route=%2Fwp%2Fv2%2Fproduct_tag&post=2173"}],"curies":[{"name":"wp","href":"https:\/\/api.w.org\/{rel}","templated":true}]}}