{"id":217,"date":"2022-07-21T13:43:43","date_gmt":"2022-07-21T13:43:43","guid":{"rendered":"https:\/\/www.hypertera.com\/?product=esiteteline-poydalle-i-muoto-kirkas-a4"},"modified":"2022-07-21T13:43:53","modified_gmt":"2022-07-21T13:43:53","slug":"esiteteline-poydalle-i-muoto-kirkas-a4","status":"publish","type":"product","link":"https:\/\/www.hypertera.com\/?product=esiteteline-poydalle-i-muoto-kirkas-a4","title":{"rendered":"Esiteteline p\u00f6yd\u00e4lle, I-muoto, kirkas, A4"},"content":{"rendered":"<p>A4-kokoinen esiteteline p\u00f6yd\u00e4lle. Voit asettaa yhden A4-kokoisen paperin muovin v\u00e4liin. Sopii esim. odotus- tai vastaanottotiloihin, messuille, ravintolan tiskille tai ruokailup\u00f6ydille. Kirkas muovi. I-profiili, jossa esite on pystysuorassa.<\/p>\n","protected":false},"excerpt":{"rendered":"<p>A4-kokoinen esiteteline p\u00f6yd\u00e4lle. Voit asettaa yhden A4-kokoisen paperin muovin v\u00e4liin. Sopii esim. odotus- tai vastaanottotiloihin, messuille, ravintolan tiskille tai ruokailup\u00f6ydille. Kirkas muovi. I-profiili, jossa esite on pystysuorassa.<\/p>\n","protected":false},"featured_media":218,"comment_status":"closed","ping_status":"closed","template":"","meta":[],"product_brand":[],"product_cat":[123,124,30,16],"product_tag":[122],"class_list":{"0":"post-217","1":"product","2":"type-product","3":"status-publish","4":"has-post-thumbnail","6":"product_cat-esitetelineet","7":"product_cat-poytatelineet","8":"product_cat-toimistotarvikkeet","9":"product_cat-tuotteet","10":"product_tag-esitetelineet-poydalle","12":"first","13":"outofstock","14":"purchasable","15":"product-type-simple"},"jetpack_sharing_enabled":true,"_links":{"self":[{"href":"https:\/\/www.hypertera.com\/index.php?rest_route=\/wp\/v2\/product\/217","targetHints":{"allow":["GET"]}}],"collection":[{"href":"https:\/\/www.hypertera.com\/index.php?rest_route=\/wp\/v2\/product"}],"about":[{"href":"https:\/\/www.hypertera.com\/index.php?rest_route=\/wp\/v2\/types\/product"}],"replies":[{"embeddable":true,"href":"https:\/\/www.hypertera.com\/index.php?rest_route=%2Fwp%2Fv2%2Fcomments&post=217"}],"wp:featuredmedia":[{"embeddable":true,"href":"https:\/\/www.hypertera.com\/index.php?rest_route=\/wp\/v2\/media\/218"}],"wp:attachment":[{"href":"https:\/\/www.hypertera.com\/index.php?rest_route=%2Fwp%2Fv2%2Fmedia&parent=217"}],"wp:term":[{"taxonomy":"product_brand","embeddable":true,"href":"https:\/\/www.hypertera.com\/index.php?rest_route=%2Fwp%2Fv2%2Fproduct_brand&post=217"},{"taxonomy":"product_cat","embeddable":true,"href":"https:\/\/www.hypertera.com\/index.php?rest_route=%2Fwp%2Fv2%2Fproduct_cat&post=217"},{"taxonomy":"product_tag","embeddable":true,"href":"https:\/\/www.hypertera.com\/index.php?rest_route=%2Fwp%2Fv2%2Fproduct_tag&post=217"}],"curies":[{"name":"wp","href":"https:\/\/api.w.org\/{rel}","templated":true}]}}