{"id":2145,"date":"2022-07-21T15:11:10","date_gmt":"2022-07-21T15:11:10","guid":{"rendered":"https:\/\/www.hypertera.com\/?product=nitoja-economy-12-arkkia-nro-10-musta"},"modified":"2022-07-21T15:11:32","modified_gmt":"2022-07-21T15:11:32","slug":"nitoja-economy-12-arkkia-nro-10-musta","status":"publish","type":"product","link":"https:\/\/www.hypertera.com\/?product=nitoja-economy-12-arkkia-nro-10-musta","title":{"rendered":"Nitoja, Economy, 12 arkkia, nro 10, musta"},"content":{"rendered":"<p>Taloudellinen ja pienikokoinen yleinitoja jopa 12 arkin nitomiseen. K\u00e4ytt\u00e4\u00e4 nro 10 niittej\u00e4. Nitomisen lis\u00e4ksi voit avata sen 180 astetta, jolloin voit nitoa papereita kiinni toimiston ilmoitustauluihin. Nidontasyvyys 55 mm.<\/p>\n","protected":false},"excerpt":{"rendered":"<p>Musta Economy Nitoja 12 arkkia, nro 10<\/p>\n","protected":false},"featured_media":2146,"comment_status":"closed","ping_status":"closed","template":"","meta":[],"product_brand":[],"product_cat":[605,530,30,16],"product_tag":[606],"class_list":{"0":"post-2145","1":"product","2":"type-product","3":"status-publish","4":"has-post-thumbnail","6":"product_cat-nitojat","7":"product_cat-nitojat-ja-lavistimet","8":"product_cat-toimistotarvikkeet","9":"product_cat-tuotteet","10":"product_tag-nitojat","12":"first","13":"instock","14":"purchasable","15":"product-type-simple"},"jetpack_sharing_enabled":true,"_links":{"self":[{"href":"https:\/\/www.hypertera.com\/index.php?rest_route=\/wp\/v2\/product\/2145","targetHints":{"allow":["GET"]}}],"collection":[{"href":"https:\/\/www.hypertera.com\/index.php?rest_route=\/wp\/v2\/product"}],"about":[{"href":"https:\/\/www.hypertera.com\/index.php?rest_route=\/wp\/v2\/types\/product"}],"replies":[{"embeddable":true,"href":"https:\/\/www.hypertera.com\/index.php?rest_route=%2Fwp%2Fv2%2Fcomments&post=2145"}],"wp:featuredmedia":[{"embeddable":true,"href":"https:\/\/www.hypertera.com\/index.php?rest_route=\/wp\/v2\/media\/2146"}],"wp:attachment":[{"href":"https:\/\/www.hypertera.com\/index.php?rest_route=%2Fwp%2Fv2%2Fmedia&parent=2145"}],"wp:term":[{"taxonomy":"product_brand","embeddable":true,"href":"https:\/\/www.hypertera.com\/index.php?rest_route=%2Fwp%2Fv2%2Fproduct_brand&post=2145"},{"taxonomy":"product_cat","embeddable":true,"href":"https:\/\/www.hypertera.com\/index.php?rest_route=%2Fwp%2Fv2%2Fproduct_cat&post=2145"},{"taxonomy":"product_tag","embeddable":true,"href":"https:\/\/www.hypertera.com\/index.php?rest_route=%2Fwp%2Fv2%2Fproduct_tag&post=2145"}],"curies":[{"name":"wp","href":"https:\/\/api.w.org\/{rel}","templated":true}]}}