{"id":213,"date":"2022-07-21T13:42:11","date_gmt":"2022-07-21T13:42:11","guid":{"rendered":"https:\/\/www.hypertera.com\/?product=esiteteline-poydalle-a7-i-malli-kirkas"},"modified":"2022-07-21T13:43:29","modified_gmt":"2022-07-21T13:43:29","slug":"esiteteline-poydalle-a7-i-malli-kirkas","status":"publish","type":"product","link":"https:\/\/www.hypertera.com\/?product=esiteteline-poydalle-a7-i-malli-kirkas","title":{"rendered":"Esiteteline p\u00f6yd\u00e4lle, A7, I-malli, kirkas"},"content":{"rendered":"<p>A7-kokoinen esiteteline p\u00f6yd\u00e4lle kirkkaasta akryylist\u00e4. Esite on helppo vaihtaa levyjen v\u00e4liin.   Esiteteline sopii hyvin vastaanottotiskille, messuille tai vaikkapa odotustilaan &#8211; anna asiakkaalle mahdollisuus tutustua palveluihisi odotuksen aikana!  I-malli, eli esite ujutetaan levyjen v\u00e4liin alhaalta. Malli kutsutaan my\u00f6s T-kirjaimella.<\/p>\n","protected":false},"excerpt":{"rendered":"<p>Kirkas A7 I-malli Esiteteline p\u00f6yd\u00e4lle<\/p>\n","protected":false},"featured_media":214,"comment_status":"closed","ping_status":"closed","template":"","meta":[],"product_brand":[],"product_cat":[123,124,30,16],"product_tag":[122],"class_list":{"0":"post-213","1":"product","2":"type-product","3":"status-publish","4":"has-post-thumbnail","6":"product_cat-esitetelineet","7":"product_cat-poytatelineet","8":"product_cat-toimistotarvikkeet","9":"product_cat-tuotteet","10":"product_tag-esitetelineet-poydalle","12":"first","13":"instock","14":"purchasable","15":"product-type-simple"},"jetpack_sharing_enabled":true,"_links":{"self":[{"href":"https:\/\/www.hypertera.com\/index.php?rest_route=\/wp\/v2\/product\/213","targetHints":{"allow":["GET"]}}],"collection":[{"href":"https:\/\/www.hypertera.com\/index.php?rest_route=\/wp\/v2\/product"}],"about":[{"href":"https:\/\/www.hypertera.com\/index.php?rest_route=\/wp\/v2\/types\/product"}],"replies":[{"embeddable":true,"href":"https:\/\/www.hypertera.com\/index.php?rest_route=%2Fwp%2Fv2%2Fcomments&post=213"}],"wp:featuredmedia":[{"embeddable":true,"href":"https:\/\/www.hypertera.com\/index.php?rest_route=\/wp\/v2\/media\/214"}],"wp:attachment":[{"href":"https:\/\/www.hypertera.com\/index.php?rest_route=%2Fwp%2Fv2%2Fmedia&parent=213"}],"wp:term":[{"taxonomy":"product_brand","embeddable":true,"href":"https:\/\/www.hypertera.com\/index.php?rest_route=%2Fwp%2Fv2%2Fproduct_brand&post=213"},{"taxonomy":"product_cat","embeddable":true,"href":"https:\/\/www.hypertera.com\/index.php?rest_route=%2Fwp%2Fv2%2Fproduct_cat&post=213"},{"taxonomy":"product_tag","embeddable":true,"href":"https:\/\/www.hypertera.com\/index.php?rest_route=%2Fwp%2Fv2%2Fproduct_tag&post=213"}],"curies":[{"name":"wp","href":"https:\/\/api.w.org\/{rel}","templated":true}]}}