{"id":2105,"date":"2022-07-21T15:08:54","date_gmt":"2022-07-21T15:08:54","guid":{"rendered":"https:\/\/www.hypertera.com\/?product=nimikorttikotelo-combi-54x90-1-ras-50"},"modified":"2022-07-21T15:09:12","modified_gmt":"2022-07-21T15:09:12","slug":"nimikorttikotelo-combi-54x90-1-ras-50","status":"publish","type":"product","link":"https:\/\/www.hypertera.com\/?product=nimikorttikotelo-combi-54x90-1-ras-50","title":{"rendered":"Nimikorttikotelo, Combi, 54&#215;90, 1 ras\/50"},"content":{"rendered":"<p>Kirkasta PVC-muovia. Hakaneula ja hauenleukaklipsi. Sormilovi helpottaa kortin asettamista. Sis\u00e4lt\u00e4\u00e4 kortit.  Suosittelemme tilalle tuotetta NEU-FMM paremman saatavuuden vuoksi. Lis\u00e4ksi NEU-FMM -tuotteessa kortit on suojattu yksitt\u00e4in.<\/p>\n","protected":false},"excerpt":{"rendered":"<p>Kirkasta PVC-muovia. Hakaneula ja hauenleukaklipsi. Sormilovi helpottaa kortin asettamista. Sis\u00e4lt\u00e4\u00e4 kortit. Suosittelemme tilalle tuotetta NEU-FMM paremman saatavuuden vuoksi. Lis\u00e4ksi NEU-FMM -tuotteessa kortit on suojattu yksitt\u00e4in.<\/p>\n","protected":false},"featured_media":2106,"comment_status":"closed","ping_status":"closed","template":"","meta":[],"product_brand":[],"product_cat":[104,344,602,601,30,345,16],"product_tag":[603],"class_list":{"0":"post-2105","1":"product","2":"type-product","3":"status-publish","4":"has-post-thumbnail","6":"product_cat-etiketit-tarrat-ja-nimilappukotelot","7":"product_cat-kaynti-ja-nimikorttikotelot-kortittuotteet","8":"product_cat-kongressineulat-ja-nimilaput-toimiston-pientarvikkeet-toimistotarvikkeet-kaynti-ja-nimikorttikotelot-kortittuotteet","9":"product_cat-toimiston-pientarvikkeet-toimistotarvikkeet-kaynti-ja-nimikorttikotelot-kortittuotteet","10":"product_cat-toimistotarvikkeet","11":"product_cat-toimistotarvikkeet-kaynti-ja-nimikorttikotelot-kortittuotteet","12":"product_cat-tuotteet","13":"product_tag-nimikorttikotelot","15":"first","16":"instock","17":"purchasable","18":"product-type-simple"},"jetpack_sharing_enabled":true,"_links":{"self":[{"href":"https:\/\/www.hypertera.com\/index.php?rest_route=\/wp\/v2\/product\/2105","targetHints":{"allow":["GET"]}}],"collection":[{"href":"https:\/\/www.hypertera.com\/index.php?rest_route=\/wp\/v2\/product"}],"about":[{"href":"https:\/\/www.hypertera.com\/index.php?rest_route=\/wp\/v2\/types\/product"}],"replies":[{"embeddable":true,"href":"https:\/\/www.hypertera.com\/index.php?rest_route=%2Fwp%2Fv2%2Fcomments&post=2105"}],"wp:featuredmedia":[{"embeddable":true,"href":"https:\/\/www.hypertera.com\/index.php?rest_route=\/wp\/v2\/media\/2106"}],"wp:attachment":[{"href":"https:\/\/www.hypertera.com\/index.php?rest_route=%2Fwp%2Fv2%2Fmedia&parent=2105"}],"wp:term":[{"taxonomy":"product_brand","embeddable":true,"href":"https:\/\/www.hypertera.com\/index.php?rest_route=%2Fwp%2Fv2%2Fproduct_brand&post=2105"},{"taxonomy":"product_cat","embeddable":true,"href":"https:\/\/www.hypertera.com\/index.php?rest_route=%2Fwp%2Fv2%2Fproduct_cat&post=2105"},{"taxonomy":"product_tag","embeddable":true,"href":"https:\/\/www.hypertera.com\/index.php?rest_route=%2Fwp%2Fv2%2Fproduct_tag&post=2105"}],"curies":[{"name":"wp","href":"https:\/\/api.w.org\/{rel}","templated":true}]}}