{"id":2088,"date":"2022-07-21T15:08:32","date_gmt":"2022-07-21T15:08:32","guid":{"rendered":"https:\/\/www.hypertera.com\/?product=nestesaippua-tork-mild-mini-s2-05-l-1-ltk-8"},"modified":"2022-07-21T15:08:33","modified_gmt":"2022-07-21T15:08:33","slug":"nestesaippua-tork-mild-mini-s2-05-l-1-ltk-8","status":"publish","type":"product","link":"https:\/\/www.hypertera.com\/?product=nestesaippua-tork-mild-mini-s2-05-l-1-ltk-8","title":{"rendered":"Nestesaippua, Tork Mild mini, S2, 0,5 l, 1 ltk\/8"},"content":{"rendered":"<p>TorkMIld Mini sopii erinomaisesti s\u00e4\u00e4nn\u00f6lliseen k\u00e4sienpesuun, esim. toimistoihin, hotelleihin ja ravintoloihin. Saippua on mieto, dermatologisesti testattu ja taloudellista k\u00e4ytt\u00e4\u00e4. Yleissaippua k\u00e4sienpesuun. Nestesaippua on hell\u00e4varainen k\u00e4sille, hajustettu ja j\u00e4tt\u00e4\u00e4 iholle raikkaan tunteen. Saippualle on my\u00f6nnetty EU ymp\u00e4rist\u00f6merkki. Saippua sis\u00e4lt\u00e4\u00e4 ihoa hoitavia ja kosteuttavia ainesosia. Saippuapullo on hygieeninen ja helppo t\u00e4ytt\u00e4\u00e4. Kokoonpainuva pullo pienent\u00e4\u00e4 j\u00e4tem\u00e4\u00e4r\u00e4\u00e4.   Pullon koko on 0,5 litra ja se soveltuu Torkin S2 j\u00e4rjestelm\u00e4\u00e4n. Vaahtosaippua on yhteensopiva Torkin Mini annostelijoiden nestesaippualle kanssa.<\/p>\n","protected":false},"excerpt":{"rendered":"<p>Tork Mild mini Nestesaippua, 1 ltk\/8, 0,5 l, S2<\/p>\n","protected":false},"featured_media":0,"comment_status":"closed","ping_status":"closed","template":"","meta":[],"product_brand":[],"product_cat":[15],"product_tag":[599],"class_list":{"0":"post-2088","1":"product","2":"type-product","3":"status-publish","5":"product_cat-uncategorized","6":"product_tag-nestesaippuat","8":"first","9":"outofstock","10":"purchasable","11":"product-type-simple"},"jetpack_sharing_enabled":true,"_links":{"self":[{"href":"https:\/\/www.hypertera.com\/index.php?rest_route=\/wp\/v2\/product\/2088","targetHints":{"allow":["GET"]}}],"collection":[{"href":"https:\/\/www.hypertera.com\/index.php?rest_route=\/wp\/v2\/product"}],"about":[{"href":"https:\/\/www.hypertera.com\/index.php?rest_route=\/wp\/v2\/types\/product"}],"replies":[{"embeddable":true,"href":"https:\/\/www.hypertera.com\/index.php?rest_route=%2Fwp%2Fv2%2Fcomments&post=2088"}],"wp:attachment":[{"href":"https:\/\/www.hypertera.com\/index.php?rest_route=%2Fwp%2Fv2%2Fmedia&parent=2088"}],"wp:term":[{"taxonomy":"product_brand","embeddable":true,"href":"https:\/\/www.hypertera.com\/index.php?rest_route=%2Fwp%2Fv2%2Fproduct_brand&post=2088"},{"taxonomy":"product_cat","embeddable":true,"href":"https:\/\/www.hypertera.com\/index.php?rest_route=%2Fwp%2Fv2%2Fproduct_cat&post=2088"},{"taxonomy":"product_tag","embeddable":true,"href":"https:\/\/www.hypertera.com\/index.php?rest_route=%2Fwp%2Fv2%2Fproduct_tag&post=2088"}],"curies":[{"name":"wp","href":"https:\/\/api.w.org\/{rel}","templated":true}]}}