{"id":2086,"date":"2022-07-21T15:08:22","date_gmt":"2022-07-21T15:08:22","guid":{"rendered":"https:\/\/www.hypertera.com\/?product=nenaliina-lotus-nessu-1-ltk-15"},"modified":"2022-07-21T15:08:29","modified_gmt":"2022-07-21T15:08:29","slug":"nenaliina-lotus-nessu-1-ltk-15","status":"publish","type":"product","link":"https:\/\/www.hypertera.com\/?product=nenaliina-lotus-nessu-1-ltk-15","title":{"rendered":"Nen\u00e4liina, Lotus Nessu, 1 ltk\/15"},"content":{"rendered":"<p>Yhteisty\u00f6ss\u00e4 Allergia- ja Astmaliiton kanssa.    Lotus Nessu -tuotteissa on Allergia- ja Astmaliiton my\u00f6nt\u00e4m\u00e4 allergiatunnus. Tunnuksella varustetut tuotteet ovat hajusteettomia ja soveltuvat jokap\u00e4iv\u00e4iseen k\u00e4ytt\u00f6\u00f6n. Lotus Nessu hellii, hoivaa ja huolehtii.    Nen\u00e4liina 245*250 mm  3-kerrosliina  Paketissa 100 arkkia ja laatikossa 15 pakettia.<\/p>\n","protected":false},"excerpt":{"rendered":"<p>Lotus Nessu Nen\u00e4liina, 1 ltk\/15<\/p>\n","protected":false},"featured_media":2087,"comment_status":"closed","ping_status":"closed","template":"","meta":[],"product_brand":[],"product_cat":[15],"product_tag":[598],"class_list":{"0":"post-2086","1":"product","2":"type-product","3":"status-publish","4":"has-post-thumbnail","6":"product_cat-uncategorized","7":"product_tag-nenaliinat","9":"first","10":"instock","11":"purchasable","12":"product-type-simple"},"jetpack_sharing_enabled":true,"_links":{"self":[{"href":"https:\/\/www.hypertera.com\/index.php?rest_route=\/wp\/v2\/product\/2086","targetHints":{"allow":["GET"]}}],"collection":[{"href":"https:\/\/www.hypertera.com\/index.php?rest_route=\/wp\/v2\/product"}],"about":[{"href":"https:\/\/www.hypertera.com\/index.php?rest_route=\/wp\/v2\/types\/product"}],"replies":[{"embeddable":true,"href":"https:\/\/www.hypertera.com\/index.php?rest_route=%2Fwp%2Fv2%2Fcomments&post=2086"}],"wp:featuredmedia":[{"embeddable":true,"href":"https:\/\/www.hypertera.com\/index.php?rest_route=\/wp\/v2\/media\/2087"}],"wp:attachment":[{"href":"https:\/\/www.hypertera.com\/index.php?rest_route=%2Fwp%2Fv2%2Fmedia&parent=2086"}],"wp:term":[{"taxonomy":"product_brand","embeddable":true,"href":"https:\/\/www.hypertera.com\/index.php?rest_route=%2Fwp%2Fv2%2Fproduct_brand&post=2086"},{"taxonomy":"product_cat","embeddable":true,"href":"https:\/\/www.hypertera.com\/index.php?rest_route=%2Fwp%2Fv2%2Fproduct_cat&post=2086"},{"taxonomy":"product_tag","embeddable":true,"href":"https:\/\/www.hypertera.com\/index.php?rest_route=%2Fwp%2Fv2%2Fproduct_tag&post=2086"}],"curies":[{"name":"wp","href":"https:\/\/api.w.org\/{rel}","templated":true}]}}