{"id":2070,"date":"2022-07-21T15:08:08","date_gmt":"2022-07-21T15:08:08","guid":{"rendered":"https:\/\/www.hypertera.com\/?product=nappikuuloke-inear-extra-bass"},"modified":"2022-07-21T15:08:11","modified_gmt":"2022-07-21T15:08:11","slug":"nappikuuloke-inear-extra-bass","status":"publish","type":"product","link":"https:\/\/www.hypertera.com\/?product=nappikuuloke-inear-extra-bass","title":{"rendered":"Nappikuuloke, InEar Extra Bass"},"content":{"rendered":"<p>InEar-nappikuulokkeet 3.5 mm stereo-plugilla. Johdossa on k\u00e4tev\u00e4 lenkki ja tappi, joita voit hy\u00f6dynt\u00e4\u00e4 johdon kieritt\u00e4miseen siististi: Ei en\u00e4\u00e4 sotkuisia johtokeri\u00e4! InEar-kuulokkeet parantavat \u00e4\u00e4nikokemusta verrattuna perinteisiin kovamuovisiin korvakulokkeisiin. Kuulokkeet taajuuskorjattu bassovoittoiseksi.<\/p>\n","protected":false},"excerpt":{"rendered":"<p>InEar Extra Bass Nappikuuloke<\/p>\n","protected":false},"featured_media":2071,"comment_status":"closed","ping_status":"closed","template":"","meta":[],"product_brand":[],"product_cat":[15],"product_tag":[589],"class_list":{"0":"post-2070","1":"product","2":"type-product","3":"status-publish","4":"has-post-thumbnail","6":"product_cat-uncategorized","7":"product_tag-nappikuulokkeet","9":"first","10":"instock","11":"purchasable","12":"product-type-simple"},"jetpack_sharing_enabled":true,"_links":{"self":[{"href":"https:\/\/www.hypertera.com\/index.php?rest_route=\/wp\/v2\/product\/2070","targetHints":{"allow":["GET"]}}],"collection":[{"href":"https:\/\/www.hypertera.com\/index.php?rest_route=\/wp\/v2\/product"}],"about":[{"href":"https:\/\/www.hypertera.com\/index.php?rest_route=\/wp\/v2\/types\/product"}],"replies":[{"embeddable":true,"href":"https:\/\/www.hypertera.com\/index.php?rest_route=%2Fwp%2Fv2%2Fcomments&post=2070"}],"wp:featuredmedia":[{"embeddable":true,"href":"https:\/\/www.hypertera.com\/index.php?rest_route=\/wp\/v2\/media\/2071"}],"wp:attachment":[{"href":"https:\/\/www.hypertera.com\/index.php?rest_route=%2Fwp%2Fv2%2Fmedia&parent=2070"}],"wp:term":[{"taxonomy":"product_brand","embeddable":true,"href":"https:\/\/www.hypertera.com\/index.php?rest_route=%2Fwp%2Fv2%2Fproduct_brand&post=2070"},{"taxonomy":"product_cat","embeddable":true,"href":"https:\/\/www.hypertera.com\/index.php?rest_route=%2Fwp%2Fv2%2Fproduct_cat&post=2070"},{"taxonomy":"product_tag","embeddable":true,"href":"https:\/\/www.hypertera.com\/index.php?rest_route=%2Fwp%2Fv2%2Fproduct_tag&post=2070"}],"curies":[{"name":"wp","href":"https:\/\/api.w.org\/{rel}","templated":true}]}}