{"id":2064,"date":"2022-07-21T15:07:53","date_gmt":"2022-07-21T15:07:53","guid":{"rendered":"https:\/\/www.hypertera.com\/?product=naisten-toppi-vartalon-myotainen-vaaleanpunainen"},"modified":"2022-07-21T15:08:00","modified_gmt":"2022-07-21T15:08:00","slug":"naisten-toppi-vartalon-myotainen-vaaleanpunainen","status":"publish","type":"product","link":"https:\/\/www.hypertera.com\/?product=naisten-toppi-vartalon-myotainen-vaaleanpunainen","title":{"rendered":"Naisten toppi, vartalon my\u00f6t\u00e4inen, vaaleanpunainen"},"content":{"rendered":"<p>Naisten vaalean punainen vartalon my\u00f6t\u00e4inen hieman l\u00e4pikuultava toppi. Topin keskustaa koristaa v\u00e4rik\u00e4s helmikuviointi.<\/p>\n","protected":false},"excerpt":{"rendered":"<p>Vartalon my\u00f6t\u00e4inen vaaleanpunainen naisten toppi<\/p>\n","protected":false},"featured_media":2065,"comment_status":"closed","ping_status":"closed","template":"","meta":[],"product_brand":[],"product_cat":[15],"product_tag":[588],"class_list":{"0":"post-2064","1":"product","2":"type-product","3":"status-publish","4":"has-post-thumbnail","6":"product_cat-uncategorized","7":"product_tag-naisten-topit","9":"first","10":"instock","11":"purchasable","12":"product-type-simple"},"jetpack_sharing_enabled":true,"_links":{"self":[{"href":"https:\/\/www.hypertera.com\/index.php?rest_route=\/wp\/v2\/product\/2064","targetHints":{"allow":["GET"]}}],"collection":[{"href":"https:\/\/www.hypertera.com\/index.php?rest_route=\/wp\/v2\/product"}],"about":[{"href":"https:\/\/www.hypertera.com\/index.php?rest_route=\/wp\/v2\/types\/product"}],"replies":[{"embeddable":true,"href":"https:\/\/www.hypertera.com\/index.php?rest_route=%2Fwp%2Fv2%2Fcomments&post=2064"}],"wp:featuredmedia":[{"embeddable":true,"href":"https:\/\/www.hypertera.com\/index.php?rest_route=\/wp\/v2\/media\/2065"}],"wp:attachment":[{"href":"https:\/\/www.hypertera.com\/index.php?rest_route=%2Fwp%2Fv2%2Fmedia&parent=2064"}],"wp:term":[{"taxonomy":"product_brand","embeddable":true,"href":"https:\/\/www.hypertera.com\/index.php?rest_route=%2Fwp%2Fv2%2Fproduct_brand&post=2064"},{"taxonomy":"product_cat","embeddable":true,"href":"https:\/\/www.hypertera.com\/index.php?rest_route=%2Fwp%2Fv2%2Fproduct_cat&post=2064"},{"taxonomy":"product_tag","embeddable":true,"href":"https:\/\/www.hypertera.com\/index.php?rest_route=%2Fwp%2Fv2%2Fproduct_tag&post=2064"}],"curies":[{"name":"wp","href":"https:\/\/api.w.org\/{rel}","templated":true}]}}