{"id":2060,"date":"2022-07-21T15:07:53","date_gmt":"2022-07-21T15:07:53","guid":{"rendered":"https:\/\/www.hypertera.com\/?product=naisten-toppi-vartalon-myotainen-harmaa"},"modified":"2022-07-21T15:07:55","modified_gmt":"2022-07-21T15:07:55","slug":"naisten-toppi-vartalon-myotainen-harmaa","status":"publish","type":"product","link":"https:\/\/www.hypertera.com\/?product=naisten-toppi-vartalon-myotainen-harmaa","title":{"rendered":"Naisten toppi, vartalon my\u00f6t\u00e4inen, harmaa"},"content":{"rendered":"<p>Vartalon my\u00f6t\u00e4inen naisten harmaa toppi py\u00f6re\u00e4ll\u00e4 kaula-aukolla. Topin edustaa koristaa pinkin keltainen helmikuviointi. Hieman l\u00e4pikuultava kangas.<\/p>\n","protected":false},"excerpt":{"rendered":"<p>Vartalon my\u00f6t\u00e4inen harmaa naisten toppi<\/p>\n","protected":false},"featured_media":2061,"comment_status":"closed","ping_status":"closed","template":"","meta":[],"product_brand":[],"product_cat":[15],"product_tag":[588],"class_list":{"0":"post-2060","1":"product","2":"type-product","3":"status-publish","4":"has-post-thumbnail","6":"product_cat-uncategorized","7":"product_tag-naisten-topit","9":"first","10":"instock","11":"purchasable","12":"product-type-simple"},"jetpack_sharing_enabled":true,"_links":{"self":[{"href":"https:\/\/www.hypertera.com\/index.php?rest_route=\/wp\/v2\/product\/2060","targetHints":{"allow":["GET"]}}],"collection":[{"href":"https:\/\/www.hypertera.com\/index.php?rest_route=\/wp\/v2\/product"}],"about":[{"href":"https:\/\/www.hypertera.com\/index.php?rest_route=\/wp\/v2\/types\/product"}],"replies":[{"embeddable":true,"href":"https:\/\/www.hypertera.com\/index.php?rest_route=%2Fwp%2Fv2%2Fcomments&post=2060"}],"wp:featuredmedia":[{"embeddable":true,"href":"https:\/\/www.hypertera.com\/index.php?rest_route=\/wp\/v2\/media\/2061"}],"wp:attachment":[{"href":"https:\/\/www.hypertera.com\/index.php?rest_route=%2Fwp%2Fv2%2Fmedia&parent=2060"}],"wp:term":[{"taxonomy":"product_brand","embeddable":true,"href":"https:\/\/www.hypertera.com\/index.php?rest_route=%2Fwp%2Fv2%2Fproduct_brand&post=2060"},{"taxonomy":"product_cat","embeddable":true,"href":"https:\/\/www.hypertera.com\/index.php?rest_route=%2Fwp%2Fv2%2Fproduct_cat&post=2060"},{"taxonomy":"product_tag","embeddable":true,"href":"https:\/\/www.hypertera.com\/index.php?rest_route=%2Fwp%2Fv2%2Fproduct_tag&post=2060"}],"curies":[{"name":"wp","href":"https:\/\/api.w.org\/{rel}","templated":true}]}}