{"id":205,"date":"2022-07-21T13:42:11","date_gmt":"2022-07-21T13:42:11","guid":{"rendered":"https:\/\/www.hypertera.com\/?product=esiteteline-poydalle-a4-jalusta"},"modified":"2022-07-21T13:43:12","modified_gmt":"2022-07-21T13:43:12","slug":"esiteteline-poydalle-a4-jalusta","status":"publish","type":"product","link":"https:\/\/www.hypertera.com\/?product=esiteteline-poydalle-a4-jalusta","title":{"rendered":"Esiteteline p\u00f6yd\u00e4lle, A4, jalusta"},"content":{"rendered":"<p>Esiteteline kirkkaasta akryylist\u00e4. J\u00e4m\u00e4kk\u00e4 halusta.  Soveltuu A4-kokoisille papereille (210x 297 mm)<\/p>\n","protected":false},"excerpt":{"rendered":"<p>A4 jalusta Esiteteline p\u00f6yd\u00e4lle<\/p>\n","protected":false},"featured_media":206,"comment_status":"closed","ping_status":"closed","template":"","meta":[],"product_brand":[],"product_cat":[123,124,30,16],"product_tag":[122],"class_list":{"0":"post-205","1":"product","2":"type-product","3":"status-publish","4":"has-post-thumbnail","6":"product_cat-esitetelineet","7":"product_cat-poytatelineet","8":"product_cat-toimistotarvikkeet","9":"product_cat-tuotteet","10":"product_tag-esitetelineet-poydalle","12":"first","13":"instock","14":"purchasable","15":"product-type-simple"},"jetpack_sharing_enabled":true,"_links":{"self":[{"href":"https:\/\/www.hypertera.com\/index.php?rest_route=\/wp\/v2\/product\/205","targetHints":{"allow":["GET"]}}],"collection":[{"href":"https:\/\/www.hypertera.com\/index.php?rest_route=\/wp\/v2\/product"}],"about":[{"href":"https:\/\/www.hypertera.com\/index.php?rest_route=\/wp\/v2\/types\/product"}],"replies":[{"embeddable":true,"href":"https:\/\/www.hypertera.com\/index.php?rest_route=%2Fwp%2Fv2%2Fcomments&post=205"}],"wp:featuredmedia":[{"embeddable":true,"href":"https:\/\/www.hypertera.com\/index.php?rest_route=\/wp\/v2\/media\/206"}],"wp:attachment":[{"href":"https:\/\/www.hypertera.com\/index.php?rest_route=%2Fwp%2Fv2%2Fmedia&parent=205"}],"wp:term":[{"taxonomy":"product_brand","embeddable":true,"href":"https:\/\/www.hypertera.com\/index.php?rest_route=%2Fwp%2Fv2%2Fproduct_brand&post=205"},{"taxonomy":"product_cat","embeddable":true,"href":"https:\/\/www.hypertera.com\/index.php?rest_route=%2Fwp%2Fv2%2Fproduct_cat&post=205"},{"taxonomy":"product_tag","embeddable":true,"href":"https:\/\/www.hypertera.com\/index.php?rest_route=%2Fwp%2Fv2%2Fproduct_tag&post=205"}],"curies":[{"name":"wp","href":"https:\/\/api.w.org\/{rel}","templated":true}]}}