{"id":2032,"date":"2022-07-21T15:06:55","date_gmt":"2022-07-21T15:06:55","guid":{"rendered":"https:\/\/www.hypertera.com\/?product=naisten-kaulariipus-valkokullattu-helmiketju"},"modified":"2022-07-21T15:06:58","modified_gmt":"2022-07-21T15:06:58","slug":"naisten-kaulariipus-valkokullattu-helmiketju","status":"publish","type":"product","link":"https:\/\/www.hypertera.com\/?product=naisten-kaulariipus-valkokullattu-helmiketju","title":{"rendered":"Naisten kaulariipus, Valkokullattu helmiketju"},"content":{"rendered":"<p>Naisten hienostunut valkokullattu helmikaulakoru. Ketju on kerrassaan s\u00e4ken\u00f6iv\u00e4.<\/p>\n","protected":false},"excerpt":{"rendered":"<p>Valkokullattu naisten helmiketju<\/p>\n","protected":false},"featured_media":2033,"comment_status":"closed","ping_status":"closed","template":"","meta":[],"product_brand":[],"product_cat":[15],"product_tag":[582],"class_list":{"0":"post-2032","1":"product","2":"type-product","3":"status-publish","4":"has-post-thumbnail","6":"product_cat-uncategorized","7":"product_tag-naisten-hopeakaulanauhat","9":"first","10":"instock","11":"purchasable","12":"product-type-simple"},"jetpack_sharing_enabled":true,"_links":{"self":[{"href":"https:\/\/www.hypertera.com\/index.php?rest_route=\/wp\/v2\/product\/2032","targetHints":{"allow":["GET"]}}],"collection":[{"href":"https:\/\/www.hypertera.com\/index.php?rest_route=\/wp\/v2\/product"}],"about":[{"href":"https:\/\/www.hypertera.com\/index.php?rest_route=\/wp\/v2\/types\/product"}],"replies":[{"embeddable":true,"href":"https:\/\/www.hypertera.com\/index.php?rest_route=%2Fwp%2Fv2%2Fcomments&post=2032"}],"wp:featuredmedia":[{"embeddable":true,"href":"https:\/\/www.hypertera.com\/index.php?rest_route=\/wp\/v2\/media\/2033"}],"wp:attachment":[{"href":"https:\/\/www.hypertera.com\/index.php?rest_route=%2Fwp%2Fv2%2Fmedia&parent=2032"}],"wp:term":[{"taxonomy":"product_brand","embeddable":true,"href":"https:\/\/www.hypertera.com\/index.php?rest_route=%2Fwp%2Fv2%2Fproduct_brand&post=2032"},{"taxonomy":"product_cat","embeddable":true,"href":"https:\/\/www.hypertera.com\/index.php?rest_route=%2Fwp%2Fv2%2Fproduct_cat&post=2032"},{"taxonomy":"product_tag","embeddable":true,"href":"https:\/\/www.hypertera.com\/index.php?rest_route=%2Fwp%2Fv2%2Fproduct_tag&post=2032"}],"curies":[{"name":"wp","href":"https:\/\/api.w.org\/{rel}","templated":true}]}}