{"id":2030,"date":"2022-07-21T15:06:55","date_gmt":"2022-07-21T15:06:55","guid":{"rendered":"https:\/\/www.hypertera.com\/?product=naisten-kaulariipus-rubiinin-punainen-jalokiviriipus"},"modified":"2022-07-21T15:06:57","modified_gmt":"2022-07-21T15:06:57","slug":"naisten-kaulariipus-rubiinin-punainen-jalokiviriipus","status":"publish","type":"product","link":"https:\/\/www.hypertera.com\/?product=naisten-kaulariipus-rubiinin-punainen-jalokiviriipus","title":{"rendered":"Naisten kaulariipus, Rubiinin punainen jalokiviriipus"},"content":{"rendered":"<p>Naisten rubiininpunainen jalokiviriipus pienill\u00e4 lasihelmill\u00e4 koristeltuna. Rhodium p\u00e4\u00e4llystetty ketju sis\u00e4ltyy hintaan.<\/p>\n","protected":false},"excerpt":{"rendered":"<p>Naisten kaulariipus, Rubiinin punainen jalokiviriipus<\/p>\n","protected":false},"featured_media":2031,"comment_status":"closed","ping_status":"closed","template":"","meta":[],"product_brand":[],"product_cat":[15],"product_tag":[581],"class_list":{"0":"post-2030","1":"product","2":"type-product","3":"status-publish","4":"has-post-thumbnail","6":"product_cat-uncategorized","7":"product_tag-naisten-kaulariipukset","9":"first","10":"instock","11":"purchasable","12":"product-type-simple"},"jetpack_sharing_enabled":true,"_links":{"self":[{"href":"https:\/\/www.hypertera.com\/index.php?rest_route=\/wp\/v2\/product\/2030","targetHints":{"allow":["GET"]}}],"collection":[{"href":"https:\/\/www.hypertera.com\/index.php?rest_route=\/wp\/v2\/product"}],"about":[{"href":"https:\/\/www.hypertera.com\/index.php?rest_route=\/wp\/v2\/types\/product"}],"replies":[{"embeddable":true,"href":"https:\/\/www.hypertera.com\/index.php?rest_route=%2Fwp%2Fv2%2Fcomments&post=2030"}],"wp:featuredmedia":[{"embeddable":true,"href":"https:\/\/www.hypertera.com\/index.php?rest_route=\/wp\/v2\/media\/2031"}],"wp:attachment":[{"href":"https:\/\/www.hypertera.com\/index.php?rest_route=%2Fwp%2Fv2%2Fmedia&parent=2030"}],"wp:term":[{"taxonomy":"product_brand","embeddable":true,"href":"https:\/\/www.hypertera.com\/index.php?rest_route=%2Fwp%2Fv2%2Fproduct_brand&post=2030"},{"taxonomy":"product_cat","embeddable":true,"href":"https:\/\/www.hypertera.com\/index.php?rest_route=%2Fwp%2Fv2%2Fproduct_cat&post=2030"},{"taxonomy":"product_tag","embeddable":true,"href":"https:\/\/www.hypertera.com\/index.php?rest_route=%2Fwp%2Fv2%2Fproduct_tag&post=2030"}],"curies":[{"name":"wp","href":"https:\/\/api.w.org\/{rel}","templated":true}]}}