{"id":2026,"date":"2022-07-21T15:06:43","date_gmt":"2022-07-21T15:06:43","guid":{"rendered":"https:\/\/www.hypertera.com\/?product=naisten-kaulariipus-pinkki-ruusukeriipus"},"modified":"2022-07-21T15:06:52","modified_gmt":"2022-07-21T15:06:52","slug":"naisten-kaulariipus-pinkki-ruusukeriipus","status":"publish","type":"product","link":"https:\/\/www.hypertera.com\/?product=naisten-kaulariipus-pinkki-ruusukeriipus","title":{"rendered":"Naisten kaulariipus, Pinkki ruusukeriipus"},"content":{"rendered":"<p>Naisten kullattu ruusukeriipus vaaleanpunaisella zirkonia kivell\u00e4. Riipus ei sis\u00e4ll\u00e4 poikkeuksellisesti ketjua. Sopii eritt\u00e4in hyvin yhteen pinkkien piikkikorvakorujen (KOR-JPP) kanssa.<\/p>\n","protected":false},"excerpt":{"rendered":"<p>Naisten pinkki ruusukeriipus<\/p>\n","protected":false},"featured_media":2027,"comment_status":"closed","ping_status":"closed","template":"","meta":[],"product_brand":[],"product_cat":[15],"product_tag":[581],"class_list":{"0":"post-2026","1":"product","2":"type-product","3":"status-publish","4":"has-post-thumbnail","6":"product_cat-uncategorized","7":"product_tag-naisten-kaulariipukset","9":"first","10":"instock","11":"purchasable","12":"product-type-simple"},"jetpack_sharing_enabled":true,"_links":{"self":[{"href":"https:\/\/www.hypertera.com\/index.php?rest_route=\/wp\/v2\/product\/2026","targetHints":{"allow":["GET"]}}],"collection":[{"href":"https:\/\/www.hypertera.com\/index.php?rest_route=\/wp\/v2\/product"}],"about":[{"href":"https:\/\/www.hypertera.com\/index.php?rest_route=\/wp\/v2\/types\/product"}],"replies":[{"embeddable":true,"href":"https:\/\/www.hypertera.com\/index.php?rest_route=%2Fwp%2Fv2%2Fcomments&post=2026"}],"wp:featuredmedia":[{"embeddable":true,"href":"https:\/\/www.hypertera.com\/index.php?rest_route=\/wp\/v2\/media\/2027"}],"wp:attachment":[{"href":"https:\/\/www.hypertera.com\/index.php?rest_route=%2Fwp%2Fv2%2Fmedia&parent=2026"}],"wp:term":[{"taxonomy":"product_brand","embeddable":true,"href":"https:\/\/www.hypertera.com\/index.php?rest_route=%2Fwp%2Fv2%2Fproduct_brand&post=2026"},{"taxonomy":"product_cat","embeddable":true,"href":"https:\/\/www.hypertera.com\/index.php?rest_route=%2Fwp%2Fv2%2Fproduct_cat&post=2026"},{"taxonomy":"product_tag","embeddable":true,"href":"https:\/\/www.hypertera.com\/index.php?rest_route=%2Fwp%2Fv2%2Fproduct_tag&post=2026"}],"curies":[{"name":"wp","href":"https:\/\/api.w.org\/{rel}","templated":true}]}}