{"id":2024,"date":"2022-07-21T15:06:43","date_gmt":"2022-07-21T15:06:43","guid":{"rendered":"https:\/\/www.hypertera.com\/?product=x-naisten-kaulariipus-lumoava-pieni-hertta-hopeapoistunut"},"modified":"2022-07-21T15:06:47","modified_gmt":"2022-07-21T15:06:47","slug":"x-naisten-kaulariipus-lumoava-pieni-hertta-hopeapoistunut","status":"publish","type":"product","link":"https:\/\/www.hypertera.com\/?product=x-naisten-kaulariipus-lumoava-pieni-hertta-hopeapoistunut","title":{"rendered":"X Naisten kaulariipus, Lumoava Pieni hertta, hopea(POISTUNUT)"},"content":{"rendered":"<p>Lumoava Hertta-korut ovat lyhyess\u00e4 ajassa saavuttaneet suuren suosion. Kes\u00e4ll\u00e4 2012 julkaistut mallit ovat saaneet kiitosta naisellisesta esteettisyydest\u00e4\u00e4n. Valmistettu Suomessa. Materiaali 925-hopea. Riipuksen koko 28&#215;32 mm, ketju 42\/45cm  Riipuksesta on my\u00f6s suurempi versio.  Suunnitelija Carina Blomqvist (s. 1970). H\u00e4n on koristeellisista koruistaan tunnettu kauneudesta inspiroituva esteettisyyden yst\u00e4v\u00e4. Carinan suunnittelemista koruista huokuu sadunhohtoa, fantasiamaisuutta ja romantiikkaa.    Miten on, etk\u00f6 huomaakaan,  kuinka onnekas oletkaan  L\u00f6ysit kerran s\u00e4 oman,  ihmisen herttaisen soman  Ennest\u00e4\u00e4n tiesitk\u00f6, mit\u00e4 hait,  lahjaksi paikan syd\u00e4mest\u00e4\u00e4n sait<\/p>\n","protected":false},"excerpt":{"rendered":"<p>Lumoava Pieni hertta Naisten hopeariipus<\/p>\n","protected":false},"featured_media":2025,"comment_status":"closed","ping_status":"closed","template":"","meta":[],"product_brand":[],"product_cat":[15],"product_tag":[581],"class_list":{"0":"post-2024","1":"product","2":"type-product","3":"status-publish","4":"has-post-thumbnail","6":"product_cat-uncategorized","7":"product_tag-naisten-kaulariipukset","9":"first","10":"instock","11":"purchasable","12":"product-type-simple"},"jetpack_sharing_enabled":true,"_links":{"self":[{"href":"https:\/\/www.hypertera.com\/index.php?rest_route=\/wp\/v2\/product\/2024","targetHints":{"allow":["GET"]}}],"collection":[{"href":"https:\/\/www.hypertera.com\/index.php?rest_route=\/wp\/v2\/product"}],"about":[{"href":"https:\/\/www.hypertera.com\/index.php?rest_route=\/wp\/v2\/types\/product"}],"replies":[{"embeddable":true,"href":"https:\/\/www.hypertera.com\/index.php?rest_route=%2Fwp%2Fv2%2Fcomments&post=2024"}],"wp:featuredmedia":[{"embeddable":true,"href":"https:\/\/www.hypertera.com\/index.php?rest_route=\/wp\/v2\/media\/2025"}],"wp:attachment":[{"href":"https:\/\/www.hypertera.com\/index.php?rest_route=%2Fwp%2Fv2%2Fmedia&parent=2024"}],"wp:term":[{"taxonomy":"product_brand","embeddable":true,"href":"https:\/\/www.hypertera.com\/index.php?rest_route=%2Fwp%2Fv2%2Fproduct_brand&post=2024"},{"taxonomy":"product_cat","embeddable":true,"href":"https:\/\/www.hypertera.com\/index.php?rest_route=%2Fwp%2Fv2%2Fproduct_cat&post=2024"},{"taxonomy":"product_tag","embeddable":true,"href":"https:\/\/www.hypertera.com\/index.php?rest_route=%2Fwp%2Fv2%2Fproduct_tag&post=2024"}],"curies":[{"name":"wp","href":"https:\/\/api.w.org\/{rel}","templated":true}]}}