{"id":2022,"date":"2022-07-21T15:06:43","date_gmt":"2022-07-21T15:06:43","guid":{"rendered":"https:\/\/www.hypertera.com\/?product=mustesuihkuvari-hp-10-c4844a-musta"},"modified":"2022-07-21T15:06:46","modified_gmt":"2022-07-21T15:06:46","slug":"mustesuihkuvari-hp-10-c4844a-musta","status":"publish","type":"product","link":"https:\/\/www.hypertera.com\/?product=mustesuihkuvari-hp-10-c4844a-musta","title":{"rendered":"Mustesuihkuv\u00e4ri, HP 10\/C4844A, musta"},"content":{"rendered":"<p>Alkuper\u00e4iset HP v\u00e4rikasetit takaavat yhten\u00e4isen ja ammattitasoisen tulostuslaadun ja ovat samalla my\u00f6s ymp\u00e4rist\u00f6yst\u00e4v\u00e4llisi\u00e4. HP v\u00e4rikasetit on suunniteltu edistyksellist\u00e4 v\u00e4riaineteknologiaa k\u00e4ytt\u00e4en. Nauti vaivattomasta tulostuksesta HP v\u00e4rikasettien kanssa  Pakkauksessa 69 ml, joka riitt\u00e4\u00e4 n. 1750 sivuun. Sopii HP Business Inkjet 1100-\/2000-\/2300-\/2500-\/ 2600-\/3000-sarja OfficeJet 9110\/9120\/9130 Color Inkjet CP1700 DesignJet 100\/500\/800\/815<\/p>\n","protected":false},"excerpt":{"rendered":"<p>Alkuper\u00e4iset HP v\u00e4rikasetit takaavat yhten\u00e4isen ja ammattitasoisen tulostuslaadun ja ovat samalla my\u00f6s ymp\u00e4rist\u00f6yst\u00e4v\u00e4llisi\u00e4. HP v\u00e4rikasetit on suunniteltu edistyksellist\u00e4 v\u00e4riaineteknologiaa k\u00e4ytt\u00e4en. Nauti vaivattomasta tulostuksesta HP v\u00e4rikasettien kanssa Pakkauksessa 69 ml, joka riitt\u00e4\u00e4 n. 1750 sivuun. Sopii HP Business Inkjet 1100-\/2000-\/2300-\/2500-\/ 2600-\/3000-sarja OfficeJet 9110\/9120\/9130 Color Inkjet CP1700 DesignJet 100\/500\/800\/815<\/p>\n","protected":false},"featured_media":2023,"comment_status":"closed","ping_status":"closed","template":"","meta":[],"product_brand":[],"product_cat":[15],"product_tag":[578],"class_list":{"0":"post-2022","1":"product","2":"type-product","3":"status-publish","4":"has-post-thumbnail","6":"product_cat-uncategorized","7":"product_tag-mustesuihkuvarit","9":"first","10":"instock","11":"purchasable","12":"product-type-simple"},"jetpack_sharing_enabled":true,"_links":{"self":[{"href":"https:\/\/www.hypertera.com\/index.php?rest_route=\/wp\/v2\/product\/2022","targetHints":{"allow":["GET"]}}],"collection":[{"href":"https:\/\/www.hypertera.com\/index.php?rest_route=\/wp\/v2\/product"}],"about":[{"href":"https:\/\/www.hypertera.com\/index.php?rest_route=\/wp\/v2\/types\/product"}],"replies":[{"embeddable":true,"href":"https:\/\/www.hypertera.com\/index.php?rest_route=%2Fwp%2Fv2%2Fcomments&post=2022"}],"wp:featuredmedia":[{"embeddable":true,"href":"https:\/\/www.hypertera.com\/index.php?rest_route=\/wp\/v2\/media\/2023"}],"wp:attachment":[{"href":"https:\/\/www.hypertera.com\/index.php?rest_route=%2Fwp%2Fv2%2Fmedia&parent=2022"}],"wp:term":[{"taxonomy":"product_brand","embeddable":true,"href":"https:\/\/www.hypertera.com\/index.php?rest_route=%2Fwp%2Fv2%2Fproduct_brand&post=2022"},{"taxonomy":"product_cat","embeddable":true,"href":"https:\/\/www.hypertera.com\/index.php?rest_route=%2Fwp%2Fv2%2Fproduct_cat&post=2022"},{"taxonomy":"product_tag","embeddable":true,"href":"https:\/\/www.hypertera.com\/index.php?rest_route=%2Fwp%2Fv2%2Fproduct_tag&post=2022"}],"curies":[{"name":"wp","href":"https:\/\/api.w.org\/{rel}","templated":true}]}}