{"id":2017,"date":"2022-07-21T15:06:33","date_gmt":"2022-07-21T15:06:33","guid":{"rendered":"https:\/\/www.hypertera.com\/?product=mustesuihkutarra-avery-j8160-25-63-5x38-1-1-pkt-525"},"modified":"2022-07-21T15:06:39","modified_gmt":"2022-07-21T15:06:39","slug":"mustesuihkutarra-avery-j8160-25-63-5x38-1-1-pkt-525","status":"publish","type":"product","link":"https:\/\/www.hypertera.com\/?product=mustesuihkutarra-avery-j8160-25-63-5x38-1-1-pkt-525","title":{"rendered":"Mustesuihkutarra, Avery J8160-25, 63.5X38.1, 1 pkt\/525"},"content":{"rendered":"<p>Osoite-etiketit. Tulostusvalmiit etiketit Microsoft Word ja muina suosittuina ohjelmina. 63,5&#215;38,1mm kokoisia tarroja, paketissa 525 tarraa. L\u00f6ytyy useimmista ohjelmista esim. Microsoft, Corel, Lotus, Claris, Symantec, Borland, DSI ja Avery Labelpro. Erityinen rakenne varmistaa suoran ja liukuvan sy\u00f6t\u00f6n. Imukykyinen pinta takaa kirkkaan ja selke\u00e4n tulostusj\u00e4ljen ja ter\u00e4v\u00e4t \u00e4\u00e4riviivat. Uusi QuickDry materiaali.<\/p>\n","protected":false},"excerpt":{"rendered":"<p>Osoite-etiketit. Tulostusvalmiit etiketit Microsoft Word ja muina suosittuina ohjelmina. 63,5&#215;38,1mm kokoisia tarroja, paketissa 525 tarraa. L\u00f6ytyy useimmista ohjelmista esim. Microsoft, Corel, Lotus, Claris, Symantec, Borland, DSI ja Avery Labelpro. Erityinen rakenne varmistaa suoran ja liukuvan sy\u00f6t\u00f6n. Imukykyinen pinta takaa kirkkaan ja selke\u00e4n tulostusj\u00e4ljen ja ter\u00e4v\u00e4t \u00e4\u00e4riviivat. Uusi QuickDry materiaali.<\/p>\n","protected":false},"featured_media":2018,"comment_status":"closed","ping_status":"closed","template":"","meta":[],"product_brand":[],"product_cat":[104,466,30,16],"product_tag":[467],"class_list":{"0":"post-2017","1":"product","2":"type-product","3":"status-publish","4":"has-post-thumbnail","6":"product_cat-etiketit-tarrat-ja-nimilappukotelot","7":"product_cat-mustesuihkutarrat","8":"product_cat-toimistotarvikkeet","9":"product_cat-tuotteet","10":"product_tag-mustesuihkutarrat","12":"first","13":"instock","14":"purchasable","15":"product-type-simple"},"jetpack_sharing_enabled":true,"_links":{"self":[{"href":"https:\/\/www.hypertera.com\/index.php?rest_route=\/wp\/v2\/product\/2017","targetHints":{"allow":["GET"]}}],"collection":[{"href":"https:\/\/www.hypertera.com\/index.php?rest_route=\/wp\/v2\/product"}],"about":[{"href":"https:\/\/www.hypertera.com\/index.php?rest_route=\/wp\/v2\/types\/product"}],"replies":[{"embeddable":true,"href":"https:\/\/www.hypertera.com\/index.php?rest_route=%2Fwp%2Fv2%2Fcomments&post=2017"}],"wp:featuredmedia":[{"embeddable":true,"href":"https:\/\/www.hypertera.com\/index.php?rest_route=\/wp\/v2\/media\/2018"}],"wp:attachment":[{"href":"https:\/\/www.hypertera.com\/index.php?rest_route=%2Fwp%2Fv2%2Fmedia&parent=2017"}],"wp:term":[{"taxonomy":"product_brand","embeddable":true,"href":"https:\/\/www.hypertera.com\/index.php?rest_route=%2Fwp%2Fv2%2Fproduct_brand&post=2017"},{"taxonomy":"product_cat","embeddable":true,"href":"https:\/\/www.hypertera.com\/index.php?rest_route=%2Fwp%2Fv2%2Fproduct_cat&post=2017"},{"taxonomy":"product_tag","embeddable":true,"href":"https:\/\/www.hypertera.com\/index.php?rest_route=%2Fwp%2Fv2%2Fproduct_tag&post=2017"}],"curies":[{"name":"wp","href":"https:\/\/api.w.org\/{rel}","templated":true}]}}