{"id":2005,"date":"2022-07-21T15:06:15","date_gmt":"2022-07-21T15:06:15","guid":{"rendered":"https:\/\/www.hypertera.com\/?product=muovitasku-kirkas-a4-180-mic-lps-1-pkt-100"},"modified":"2022-07-21T15:06:27","modified_gmt":"2022-07-21T15:06:27","slug":"muovitasku-kirkas-a4-180-mic-lps-1-pkt-100","status":"publish","type":"product","link":"https:\/\/www.hypertera.com\/?product=muovitasku-kirkas-a4-180-mic-lps-1-pkt-100","title":{"rendered":"Muovitasku, kirkas, A4, 180 mic, LPS, 1 pkt\/100"},"content":{"rendered":"<p>Laadukas, kirkas muovitasku. Yl\u00e4reuna ja pitk\u00e4 sivu auki (LPS Lyhyt ja pitk\u00e4 sivu).  Paksuus jopa 180 mic. Kiilt\u00e4v\u00e4 pinta.<\/p>\n","protected":false},"excerpt":{"rendered":"<p>F-Office kirkas A4 180 mic LPS Muovitasku, 1 pkt\/100<\/p>\n","protected":false},"featured_media":2006,"comment_status":"closed","ping_status":"closed","template":"","meta":[],"product_brand":[],"product_cat":[576,225,30,16],"product_tag":[577],"class_list":{"0":"post-2005","1":"product","2":"type-product","3":"status-publish","4":"has-post-thumbnail","6":"product_cat-muovitaskut","7":"product_cat-muovitaskut-kansiotaskut-toimistotarvikkeet","8":"product_cat-toimistotarvikkeet","9":"product_cat-tuotteet","10":"product_tag-muovitaskut","12":"first","13":"instock","14":"purchasable","15":"product-type-simple"},"jetpack_sharing_enabled":true,"_links":{"self":[{"href":"https:\/\/www.hypertera.com\/index.php?rest_route=\/wp\/v2\/product\/2005","targetHints":{"allow":["GET"]}}],"collection":[{"href":"https:\/\/www.hypertera.com\/index.php?rest_route=\/wp\/v2\/product"}],"about":[{"href":"https:\/\/www.hypertera.com\/index.php?rest_route=\/wp\/v2\/types\/product"}],"replies":[{"embeddable":true,"href":"https:\/\/www.hypertera.com\/index.php?rest_route=%2Fwp%2Fv2%2Fcomments&post=2005"}],"wp:featuredmedia":[{"embeddable":true,"href":"https:\/\/www.hypertera.com\/index.php?rest_route=\/wp\/v2\/media\/2006"}],"wp:attachment":[{"href":"https:\/\/www.hypertera.com\/index.php?rest_route=%2Fwp%2Fv2%2Fmedia&parent=2005"}],"wp:term":[{"taxonomy":"product_brand","embeddable":true,"href":"https:\/\/www.hypertera.com\/index.php?rest_route=%2Fwp%2Fv2%2Fproduct_brand&post=2005"},{"taxonomy":"product_cat","embeddable":true,"href":"https:\/\/www.hypertera.com\/index.php?rest_route=%2Fwp%2Fv2%2Fproduct_cat&post=2005"},{"taxonomy":"product_tag","embeddable":true,"href":"https:\/\/www.hypertera.com\/index.php?rest_route=%2Fwp%2Fv2%2Fproduct_tag&post=2005"}],"curies":[{"name":"wp","href":"https:\/\/api.w.org\/{rel}","templated":true}]}}