{"id":2001,"date":"2022-07-21T15:06:15","date_gmt":"2022-07-21T15:06:15","guid":{"rendered":"https:\/\/www.hypertera.com\/?product=muovitasku-barocco-kuvioitu-lovi-sitruuna"},"modified":"2022-07-21T15:06:24","modified_gmt":"2022-07-21T15:06:24","slug":"muovitasku-barocco-kuvioitu-lovi-sitruuna","status":"publish","type":"product","link":"https:\/\/www.hypertera.com\/?product=muovitasku-barocco-kuvioitu-lovi-sitruuna","title":{"rendered":"Muovitasku, Barocco- kuvioitu, lovi, sitruuna"},"content":{"rendered":"<p>F-office muovitaskut takaavat ty\u00f6p\u00f6yt\u00e4si pysyv\u00e4n pirte\u00e4n\u00e4 niin koleina syksyn p\u00e4ivin\u00e4 kuin sateisina kev\u00e4\u00e4n p\u00e4ivin\u00e4kin! Vahvat (0.18 mm) Barocco-muovitaskut tulevat s\u00e4h\u00e4kiss\u00e4 eri v\u00e4reiss\u00e4, muovitaskuissa on my\u00f6s k\u00e4tev\u00e4 otelovi, joka helpottaa paperien arkistointia ja k\u00e4sittely\u00e4. Muovitaskuissa on my\u00f6s tyylik\u00e4s pintakuviointi. Me Kauppakartanolaiset suosittelemme!<\/p>\n","protected":false},"excerpt":{"rendered":"<p>Sitruuna F-Office Barocco-kuvioitu lovi Muovitasku<\/p>\n","protected":false},"featured_media":2002,"comment_status":"closed","ping_status":"closed","template":"","meta":[],"product_brand":[],"product_cat":[576,225,30,16],"product_tag":[577],"class_list":{"0":"post-2001","1":"product","2":"type-product","3":"status-publish","4":"has-post-thumbnail","6":"product_cat-muovitaskut","7":"product_cat-muovitaskut-kansiotaskut-toimistotarvikkeet","8":"product_cat-toimistotarvikkeet","9":"product_cat-tuotteet","10":"product_tag-muovitaskut","12":"first","13":"outofstock","14":"purchasable","15":"product-type-simple"},"jetpack_sharing_enabled":true,"_links":{"self":[{"href":"https:\/\/www.hypertera.com\/index.php?rest_route=\/wp\/v2\/product\/2001","targetHints":{"allow":["GET"]}}],"collection":[{"href":"https:\/\/www.hypertera.com\/index.php?rest_route=\/wp\/v2\/product"}],"about":[{"href":"https:\/\/www.hypertera.com\/index.php?rest_route=\/wp\/v2\/types\/product"}],"replies":[{"embeddable":true,"href":"https:\/\/www.hypertera.com\/index.php?rest_route=%2Fwp%2Fv2%2Fcomments&post=2001"}],"wp:featuredmedia":[{"embeddable":true,"href":"https:\/\/www.hypertera.com\/index.php?rest_route=\/wp\/v2\/media\/2002"}],"wp:attachment":[{"href":"https:\/\/www.hypertera.com\/index.php?rest_route=%2Fwp%2Fv2%2Fmedia&parent=2001"}],"wp:term":[{"taxonomy":"product_brand","embeddable":true,"href":"https:\/\/www.hypertera.com\/index.php?rest_route=%2Fwp%2Fv2%2Fproduct_brand&post=2001"},{"taxonomy":"product_cat","embeddable":true,"href":"https:\/\/www.hypertera.com\/index.php?rest_route=%2Fwp%2Fv2%2Fproduct_cat&post=2001"},{"taxonomy":"product_tag","embeddable":true,"href":"https:\/\/www.hypertera.com\/index.php?rest_route=%2Fwp%2Fv2%2Fproduct_tag&post=2001"}],"curies":[{"name":"wp","href":"https:\/\/api.w.org\/{rel}","templated":true}]}}