{"id":1991,"date":"2022-07-21T15:05:56","date_gmt":"2022-07-21T15:05:56","guid":{"rendered":"https:\/\/www.hypertera.com\/?product=muovipussi-deli-sulkijalla-a4-1-pkt-12"},"modified":"2022-07-21T15:05:58","modified_gmt":"2022-07-21T15:05:58","slug":"muovipussi-deli-sulkijalla-a4-1-pkt-12","status":"publish","type":"product","link":"https:\/\/www.hypertera.com\/?product=muovipussi-deli-sulkijalla-a4-1-pkt-12","title":{"rendered":"Muovipussi, Deli, Sulkijalla, A4, 1 pkt\/12"},"content":{"rendered":"<p>A4 kokoinen, l\u00e4pin\u00e4kyv\u00e4 muovipussi sulkijalla (zip bag). Pussi on monik\u00e4ytt\u00f6inen ja helppo kuljettaa mukana. Pussin sulkijan v\u00e4ri sininen ja materiaali PVC muovia. Pussin keskell\u00e4 on paperietiketti muovin v\u00e4liss\u00e4, johon voi esimerkiksi kirjoittaa mit\u00e4 pussi sis\u00e4lt\u00e4\u00e4.   Kuvan tussit eiv\u00e4t kuulu tuotteeseen.<\/p>\n","protected":false},"excerpt":{"rendered":"<p>Muovipussi Sulkijalla, Deli, A4, 1 pkt\/12<\/p>\n","protected":false},"featured_media":1992,"comment_status":"closed","ping_status":"closed","template":"","meta":[],"product_brand":[],"product_cat":[574,212,16],"product_tag":[575],"class_list":{"0":"post-1991","1":"product","2":"type-product","3":"status-publish","4":"has-post-thumbnail","6":"product_cat-jatesakit-roskapussit-muut-tuotteet-tuotteet","7":"product_cat-muut-tuotteet-tuotteet","8":"product_cat-tuotteet","9":"product_tag-muovipussit","11":"first","12":"instock","13":"purchasable","14":"product-type-simple"},"jetpack_sharing_enabled":true,"_links":{"self":[{"href":"https:\/\/www.hypertera.com\/index.php?rest_route=\/wp\/v2\/product\/1991","targetHints":{"allow":["GET"]}}],"collection":[{"href":"https:\/\/www.hypertera.com\/index.php?rest_route=\/wp\/v2\/product"}],"about":[{"href":"https:\/\/www.hypertera.com\/index.php?rest_route=\/wp\/v2\/types\/product"}],"replies":[{"embeddable":true,"href":"https:\/\/www.hypertera.com\/index.php?rest_route=%2Fwp%2Fv2%2Fcomments&post=1991"}],"wp:featuredmedia":[{"embeddable":true,"href":"https:\/\/www.hypertera.com\/index.php?rest_route=\/wp\/v2\/media\/1992"}],"wp:attachment":[{"href":"https:\/\/www.hypertera.com\/index.php?rest_route=%2Fwp%2Fv2%2Fmedia&parent=1991"}],"wp:term":[{"taxonomy":"product_brand","embeddable":true,"href":"https:\/\/www.hypertera.com\/index.php?rest_route=%2Fwp%2Fv2%2Fproduct_brand&post=1991"},{"taxonomy":"product_cat","embeddable":true,"href":"https:\/\/www.hypertera.com\/index.php?rest_route=%2Fwp%2Fv2%2Fproduct_cat&post=1991"},{"taxonomy":"product_tag","embeddable":true,"href":"https:\/\/www.hypertera.com\/index.php?rest_route=%2Fwp%2Fv2%2Fproduct_tag&post=1991"}],"curies":[{"name":"wp","href":"https:\/\/api.w.org\/{rel}","templated":true}]}}