{"id":199,"date":"2022-07-21T13:42:11","date_gmt":"2022-07-21T13:42:11","guid":{"rendered":"https:\/\/www.hypertera.com\/?product=esiteteline-poydalle-a4-3-osaa-hopeanharmaa"},"modified":"2022-07-21T13:42:49","modified_gmt":"2022-07-21T13:42:49","slug":"esiteteline-poydalle-a4-3-osaa-hopeanharmaa","status":"publish","type":"product","link":"https:\/\/www.hypertera.com\/?product=esiteteline-poydalle-a4-3-osaa-hopeanharmaa","title":{"rendered":"Esiteteline p\u00f6yd\u00e4lle A4, 3 osaa, hopeanharmaa"},"content":{"rendered":"<p>Tyylik\u00e4s, tukeva esiteteline p\u00f6yd\u00e4lle hopeanharmaasta metallilangasta.  T\u00e4h\u00e4n telineeseen saat n\u00e4kyville ja otettavaksi 3 erilaista A4-kokoista esitett\u00e4.<\/p>\n","protected":false},"excerpt":{"rendered":"<p>Hopeanharmaa Twin A4, 3 osaa Esiteteline p\u00f6yd\u00e4lle<\/p>\n","protected":false},"featured_media":200,"comment_status":"closed","ping_status":"closed","template":"","meta":[],"product_brand":[],"product_cat":[123,124,30,16],"product_tag":[122],"class_list":{"0":"post-199","1":"product","2":"type-product","3":"status-publish","4":"has-post-thumbnail","6":"product_cat-esitetelineet","7":"product_cat-poytatelineet","8":"product_cat-toimistotarvikkeet","9":"product_cat-tuotteet","10":"product_tag-esitetelineet-poydalle","12":"first","13":"outofstock","14":"purchasable","15":"product-type-simple"},"jetpack_sharing_enabled":true,"_links":{"self":[{"href":"https:\/\/www.hypertera.com\/index.php?rest_route=\/wp\/v2\/product\/199","targetHints":{"allow":["GET"]}}],"collection":[{"href":"https:\/\/www.hypertera.com\/index.php?rest_route=\/wp\/v2\/product"}],"about":[{"href":"https:\/\/www.hypertera.com\/index.php?rest_route=\/wp\/v2\/types\/product"}],"replies":[{"embeddable":true,"href":"https:\/\/www.hypertera.com\/index.php?rest_route=%2Fwp%2Fv2%2Fcomments&post=199"}],"wp:featuredmedia":[{"embeddable":true,"href":"https:\/\/www.hypertera.com\/index.php?rest_route=\/wp\/v2\/media\/200"}],"wp:attachment":[{"href":"https:\/\/www.hypertera.com\/index.php?rest_route=%2Fwp%2Fv2%2Fmedia&parent=199"}],"wp:term":[{"taxonomy":"product_brand","embeddable":true,"href":"https:\/\/www.hypertera.com\/index.php?rest_route=%2Fwp%2Fv2%2Fproduct_brand&post=199"},{"taxonomy":"product_cat","embeddable":true,"href":"https:\/\/www.hypertera.com\/index.php?rest_route=%2Fwp%2Fv2%2Fproduct_cat&post=199"},{"taxonomy":"product_tag","embeddable":true,"href":"https:\/\/www.hypertera.com\/index.php?rest_route=%2Fwp%2Fv2%2Fproduct_tag&post=199"}],"curies":[{"name":"wp","href":"https:\/\/api.w.org\/{rel}","templated":true}]}}