{"id":1981,"date":"2022-07-21T15:05:46","date_gmt":"2022-07-21T15:05:46","guid":{"rendered":"https:\/\/www.hypertera.com\/?product=muovimappi-50-mm-a4-pvc-punainen"},"modified":"2022-07-21T15:05:49","modified_gmt":"2022-07-21T15:05:49","slug":"muovimappi-50-mm-a4-pvc-punainen","status":"publish","type":"product","link":"https:\/\/www.hypertera.com\/?product=muovimappi-50-mm-a4-pvc-punainen","title":{"rendered":"Muovimappi, 50 mm, A4, PVC, punainen"},"content":{"rendered":"<p>Punainen muovimappi, jonka selk\u00e4myksen leveys on 50 mm. siihen mahtuu siis noin 500 arkkia. Muovitettu ulkopuolelta PVC-muovilla. Alareunassa metallivahvistus. Sel\u00e4ss\u00e4 vetoreik\u00e4 kaapista vet\u00e4misen helpottamiseksi. Selk\u00e4myksessa muovitasku nimikkeelle.<\/p>\n","protected":false},"excerpt":{"rendered":"<p>Punainen D.rect 50 mm, A4, PVC Muovimappi<\/p>\n","protected":false},"featured_media":1982,"comment_status":"closed","ping_status":"closed","template":"","meta":[],"product_brand":[],"product_cat":[31,572,30,16],"product_tag":[573],"class_list":{"0":"post-1981","1":"product","2":"type-product","3":"status-publish","4":"has-post-thumbnail","6":"product_cat-kansiot-ja-mapit","7":"product_cat-muovimapit","8":"product_cat-toimistotarvikkeet","9":"product_cat-tuotteet","10":"product_tag-muovimapit","12":"first","13":"instock","14":"purchasable","15":"product-type-simple"},"jetpack_sharing_enabled":true,"_links":{"self":[{"href":"https:\/\/www.hypertera.com\/index.php?rest_route=\/wp\/v2\/product\/1981","targetHints":{"allow":["GET"]}}],"collection":[{"href":"https:\/\/www.hypertera.com\/index.php?rest_route=\/wp\/v2\/product"}],"about":[{"href":"https:\/\/www.hypertera.com\/index.php?rest_route=\/wp\/v2\/types\/product"}],"replies":[{"embeddable":true,"href":"https:\/\/www.hypertera.com\/index.php?rest_route=%2Fwp%2Fv2%2Fcomments&post=1981"}],"wp:featuredmedia":[{"embeddable":true,"href":"https:\/\/www.hypertera.com\/index.php?rest_route=\/wp\/v2\/media\/1982"}],"wp:attachment":[{"href":"https:\/\/www.hypertera.com\/index.php?rest_route=%2Fwp%2Fv2%2Fmedia&parent=1981"}],"wp:term":[{"taxonomy":"product_brand","embeddable":true,"href":"https:\/\/www.hypertera.com\/index.php?rest_route=%2Fwp%2Fv2%2Fproduct_brand&post=1981"},{"taxonomy":"product_cat","embeddable":true,"href":"https:\/\/www.hypertera.com\/index.php?rest_route=%2Fwp%2Fv2%2Fproduct_cat&post=1981"},{"taxonomy":"product_tag","embeddable":true,"href":"https:\/\/www.hypertera.com\/index.php?rest_route=%2Fwp%2Fv2%2Fproduct_tag&post=1981"}],"curies":[{"name":"wp","href":"https:\/\/api.w.org\/{rel}","templated":true}]}}