{"id":1977,"date":"2022-07-21T15:05:27","date_gmt":"2022-07-21T15:05:27","guid":{"rendered":"https:\/\/www.hypertera.com\/?product=muovilasi-25-cl-kirkas-1-pss-50"},"modified":"2022-07-21T15:05:42","modified_gmt":"2022-07-21T15:05:42","slug":"muovilasi-25-cl-kirkas-1-pss-50","status":"publish","type":"product","link":"https:\/\/www.hypertera.com\/?product=muovilasi-25-cl-kirkas-1-pss-50","title":{"rendered":"Muovilasi, 25 cl, kirkas, 1 pss\/50"},"content":{"rendered":"<p>Muovilasi, l\u00e4pin\u00e4kyv\u00e4. 250ml. Yhdess\u00e4 paketissa on 50kpl. Valmistettu polystyreenist\u00e4 ja kest\u00e4\u00e4 kuumuutta aina +90 asteeseen saakka.<\/p>\n","protected":false},"excerpt":{"rendered":"<p>Muovilasi, l\u00e4pin\u00e4kyv\u00e4. 250ml. Yhdess\u00e4 paketissa on 50kpl. Valmistettu polystyreenist\u00e4 ja kest\u00e4\u00e4 kuumuutta aina +90 asteeseen saakka.<\/p>\n","protected":false},"featured_media":1978,"comment_status":"closed","ping_status":"closed","template":"","meta":[],"product_brand":[],"product_cat":[218,195,16],"product_tag":[571],"class_list":{"0":"post-1977","1":"product","2":"type-product","3":"status-publish","4":"has-post-thumbnail","6":"product_cat-kertakayttoastiat","7":"product_cat-taloustarvikkeet","8":"product_cat-tuotteet","9":"product_tag-muovilasit","11":"first","12":"instock","13":"purchasable","14":"product-type-simple"},"jetpack_sharing_enabled":true,"_links":{"self":[{"href":"https:\/\/www.hypertera.com\/index.php?rest_route=\/wp\/v2\/product\/1977","targetHints":{"allow":["GET"]}}],"collection":[{"href":"https:\/\/www.hypertera.com\/index.php?rest_route=\/wp\/v2\/product"}],"about":[{"href":"https:\/\/www.hypertera.com\/index.php?rest_route=\/wp\/v2\/types\/product"}],"replies":[{"embeddable":true,"href":"https:\/\/www.hypertera.com\/index.php?rest_route=%2Fwp%2Fv2%2Fcomments&post=1977"}],"wp:featuredmedia":[{"embeddable":true,"href":"https:\/\/www.hypertera.com\/index.php?rest_route=\/wp\/v2\/media\/1978"}],"wp:attachment":[{"href":"https:\/\/www.hypertera.com\/index.php?rest_route=%2Fwp%2Fv2%2Fmedia&parent=1977"}],"wp:term":[{"taxonomy":"product_brand","embeddable":true,"href":"https:\/\/www.hypertera.com\/index.php?rest_route=%2Fwp%2Fv2%2Fproduct_brand&post=1977"},{"taxonomy":"product_cat","embeddable":true,"href":"https:\/\/www.hypertera.com\/index.php?rest_route=%2Fwp%2Fv2%2Fproduct_cat&post=1977"},{"taxonomy":"product_tag","embeddable":true,"href":"https:\/\/www.hypertera.com\/index.php?rest_route=%2Fwp%2Fv2%2Fproduct_tag&post=1977"}],"curies":[{"name":"wp","href":"https:\/\/api.w.org\/{rel}","templated":true}]}}