{"id":1965,"date":"2022-07-21T15:04:53","date_gmt":"2022-07-21T15:04:53","guid":{"rendered":"https:\/\/www.hypertera.com\/?product=muistilappukuutio-5-varissa-800-sivua"},"modified":"2022-07-21T15:05:20","modified_gmt":"2022-07-21T15:05:20","slug":"muistilappukuutio-5-varissa-800-sivua","status":"publish","type":"product","link":"https:\/\/www.hypertera.com\/?product=muistilappukuutio-5-varissa-800-sivua","title":{"rendered":"Muistilappukuutio, 5 v\u00e4riss\u00e4, 800 sivua"},"content":{"rendered":"<p>5 eri v\u00e4ri\u00e4 muistilappusia, joissa ei ole liimapintaa takana k\u00e4tev\u00e4ss\u00e4 muovisessa laatikossa, jossa ne pysyv\u00e4t hyv\u00e4ss\u00e4 j\u00e4rjestyksess\u00e4 ja valmiina k\u00e4ytt\u00f6\u00e4 varten.<\/p>\n","protected":false},"excerpt":{"rendered":"<p>F-Office Muistilappukuutio<\/p>\n","protected":false},"featured_media":1966,"comment_status":"closed","ping_status":"closed","template":"","meta":[],"product_brand":[],"product_cat":[30,16,293,566],"product_tag":[567],"class_list":{"0":"post-1965","1":"product","2":"type-product","3":"status-publish","4":"has-post-thumbnail","6":"product_cat-toimistotarvikkeet","7":"product_cat-tuotteet","8":"product_cat-tyopistetarvikkeet","9":"product_cat-viestilaput","10":"product_tag-muistilappukuutiot","12":"first","13":"instock","14":"purchasable","15":"product-type-simple"},"jetpack_sharing_enabled":true,"_links":{"self":[{"href":"https:\/\/www.hypertera.com\/index.php?rest_route=\/wp\/v2\/product\/1965","targetHints":{"allow":["GET"]}}],"collection":[{"href":"https:\/\/www.hypertera.com\/index.php?rest_route=\/wp\/v2\/product"}],"about":[{"href":"https:\/\/www.hypertera.com\/index.php?rest_route=\/wp\/v2\/types\/product"}],"replies":[{"embeddable":true,"href":"https:\/\/www.hypertera.com\/index.php?rest_route=%2Fwp%2Fv2%2Fcomments&post=1965"}],"wp:featuredmedia":[{"embeddable":true,"href":"https:\/\/www.hypertera.com\/index.php?rest_route=\/wp\/v2\/media\/1966"}],"wp:attachment":[{"href":"https:\/\/www.hypertera.com\/index.php?rest_route=%2Fwp%2Fv2%2Fmedia&parent=1965"}],"wp:term":[{"taxonomy":"product_brand","embeddable":true,"href":"https:\/\/www.hypertera.com\/index.php?rest_route=%2Fwp%2Fv2%2Fproduct_brand&post=1965"},{"taxonomy":"product_cat","embeddable":true,"href":"https:\/\/www.hypertera.com\/index.php?rest_route=%2Fwp%2Fv2%2Fproduct_cat&post=1965"},{"taxonomy":"product_tag","embeddable":true,"href":"https:\/\/www.hypertera.com\/index.php?rest_route=%2Fwp%2Fv2%2Fproduct_tag&post=1965"}],"curies":[{"name":"wp","href":"https:\/\/api.w.org\/{rel}","templated":true}]}}