{"id":1961,"date":"2022-07-21T15:04:53","date_gmt":"2022-07-21T15:04:53","guid":{"rendered":"https:\/\/www.hypertera.com\/?product=muistikirja-paivamuistio-a5-ruskea"},"modified":"2022-07-21T15:05:05","modified_gmt":"2022-07-21T15:05:05","slug":"muistikirja-paivamuistio-a5-ruskea","status":"publish","type":"product","link":"https:\/\/www.hypertera.com\/?product=muistikirja-paivamuistio-a5-ruskea","title":{"rendered":"Muistikirja, P\u00e4iv\u00e4muistio, a5, ruskea"},"content":{"rendered":"<p>Tyylik\u00e4s muistikirja nahkaj\u00e4ljitelm\u00e4kansilla. Sivut on viivoitettu, ja niiss\u00e4 on paikka numeroinnilla, p\u00e4iv\u00e4m\u00e4\u00e4r\u00e4lle ja jopa s\u00e4\u00e4tilalle. Noin 450 sivua.<\/p>\n","protected":false},"excerpt":{"rendered":"<p>P\u00e4iv\u00e4muistio a5 ruskea Muistikirja<\/p>\n","protected":false},"featured_media":1962,"comment_status":"closed","ping_status":"closed","template":"","meta":[],"product_brand":[],"product_cat":[564,30,16],"product_tag":[565],"class_list":{"0":"post-1961","1":"product","2":"type-product","3":"status-publish","4":"has-post-thumbnail","6":"product_cat-muistiot","7":"product_cat-toimistotarvikkeet","8":"product_cat-tuotteet","9":"product_tag-muistikirjat","11":"first","12":"instock","13":"purchasable","14":"product-type-simple"},"jetpack_sharing_enabled":true,"_links":{"self":[{"href":"https:\/\/www.hypertera.com\/index.php?rest_route=\/wp\/v2\/product\/1961","targetHints":{"allow":["GET"]}}],"collection":[{"href":"https:\/\/www.hypertera.com\/index.php?rest_route=\/wp\/v2\/product"}],"about":[{"href":"https:\/\/www.hypertera.com\/index.php?rest_route=\/wp\/v2\/types\/product"}],"replies":[{"embeddable":true,"href":"https:\/\/www.hypertera.com\/index.php?rest_route=%2Fwp%2Fv2%2Fcomments&post=1961"}],"wp:featuredmedia":[{"embeddable":true,"href":"https:\/\/www.hypertera.com\/index.php?rest_route=\/wp\/v2\/media\/1962"}],"wp:attachment":[{"href":"https:\/\/www.hypertera.com\/index.php?rest_route=%2Fwp%2Fv2%2Fmedia&parent=1961"}],"wp:term":[{"taxonomy":"product_brand","embeddable":true,"href":"https:\/\/www.hypertera.com\/index.php?rest_route=%2Fwp%2Fv2%2Fproduct_brand&post=1961"},{"taxonomy":"product_cat","embeddable":true,"href":"https:\/\/www.hypertera.com\/index.php?rest_route=%2Fwp%2Fv2%2Fproduct_cat&post=1961"},{"taxonomy":"product_tag","embeddable":true,"href":"https:\/\/www.hypertera.com\/index.php?rest_route=%2Fwp%2Fv2%2Fproduct_tag&post=1961"}],"curies":[{"name":"wp","href":"https:\/\/api.w.org\/{rel}","templated":true}]}}