{"id":1959,"date":"2022-07-21T15:04:53","date_gmt":"2022-07-21T15:04:53","guid":{"rendered":"https:\/\/www.hypertera.com\/?product=muistikirja-officebasic-a5-nauhasuljenta-200-s-musta"},"modified":"2022-07-21T15:04:53","modified_gmt":"2022-07-21T15:04:53","slug":"muistikirja-officebasic-a5-nauhasuljenta-200-s-musta","status":"publish","type":"product","link":"https:\/\/www.hypertera.com\/?product=muistikirja-officebasic-a5-nauhasuljenta-200-s-musta","title":{"rendered":"Muistikirja, OfficeBasic, A5, nauhasuljenta, 200 s, musta"},"content":{"rendered":"<p>Muistivihko \/ muistikirja ilman viivoitusta, A5-koko. Vihkossa on k\u00e4tev\u00e4 kuminauhasuljenta. Lis\u00e4ksi kirjassa on kirjanmerkkinauha. Sivut ovat valkoiset ilman esipainettuja merkint\u00f6j\u00e4, joten kirja sopii yleisk\u00e4ytt\u00f6\u00f6n. Noin 200 sivua.<\/p>\n","protected":false},"excerpt":{"rendered":"<p>Musta OfficeBasic A5 nauhasuljenta 200 s Muistikirja<\/p>\n","protected":false},"featured_media":1960,"comment_status":"closed","ping_status":"closed","template":"","meta":[],"product_brand":[],"product_cat":[564,30,16],"product_tag":[565],"class_list":{"0":"post-1959","1":"product","2":"type-product","3":"status-publish","4":"has-post-thumbnail","6":"product_cat-muistiot","7":"product_cat-toimistotarvikkeet","8":"product_cat-tuotteet","9":"product_tag-muistikirjat","11":"first","12":"instock","13":"purchasable","14":"product-type-simple"},"jetpack_sharing_enabled":true,"_links":{"self":[{"href":"https:\/\/www.hypertera.com\/index.php?rest_route=\/wp\/v2\/product\/1959","targetHints":{"allow":["GET"]}}],"collection":[{"href":"https:\/\/www.hypertera.com\/index.php?rest_route=\/wp\/v2\/product"}],"about":[{"href":"https:\/\/www.hypertera.com\/index.php?rest_route=\/wp\/v2\/types\/product"}],"replies":[{"embeddable":true,"href":"https:\/\/www.hypertera.com\/index.php?rest_route=%2Fwp%2Fv2%2Fcomments&post=1959"}],"wp:featuredmedia":[{"embeddable":true,"href":"https:\/\/www.hypertera.com\/index.php?rest_route=\/wp\/v2\/media\/1960"}],"wp:attachment":[{"href":"https:\/\/www.hypertera.com\/index.php?rest_route=%2Fwp%2Fv2%2Fmedia&parent=1959"}],"wp:term":[{"taxonomy":"product_brand","embeddable":true,"href":"https:\/\/www.hypertera.com\/index.php?rest_route=%2Fwp%2Fv2%2Fproduct_brand&post=1959"},{"taxonomy":"product_cat","embeddable":true,"href":"https:\/\/www.hypertera.com\/index.php?rest_route=%2Fwp%2Fv2%2Fproduct_cat&post=1959"},{"taxonomy":"product_tag","embeddable":true,"href":"https:\/\/www.hypertera.com\/index.php?rest_route=%2Fwp%2Fv2%2Fproduct_tag&post=1959"}],"curies":[{"name":"wp","href":"https:\/\/api.w.org\/{rel}","templated":true}]}}