{"id":1950,"date":"2022-07-21T15:04:36","date_gmt":"2022-07-21T15:04:36","guid":{"rendered":"https:\/\/www.hypertera.com\/?product=muistikirja-a5-musta-kovakantinen"},"modified":"2022-07-21T15:04:36","modified_gmt":"2022-07-21T15:04:36","slug":"muistikirja-a5-musta-kovakantinen","status":"publish","type":"product","link":"https:\/\/www.hypertera.com\/?product=muistikirja-a5-musta-kovakantinen","title":{"rendered":"Muistikirja, A5, musta, kovakantinen"},"content":{"rendered":"<p>Hienostunut, musta kovakantinen PVC muovikantinen muistikirja kirjanmerkill\u00e4. Ei p\u00e4iv\u00e4yst\u00e4 valmiina. Kirjasessa on paljon viivoitettua kirjoitustilaa.<\/p>\n","protected":false},"excerpt":{"rendered":"<p>F-Office A5 musta Muistikirja<\/p>\n","protected":false},"featured_media":1951,"comment_status":"closed","ping_status":"closed","template":"","meta":[],"product_brand":[],"product_cat":[564,30,16],"product_tag":[565],"class_list":{"0":"post-1950","1":"product","2":"type-product","3":"status-publish","4":"has-post-thumbnail","6":"product_cat-muistiot","7":"product_cat-toimistotarvikkeet","8":"product_cat-tuotteet","9":"product_tag-muistikirjat","11":"first","12":"outofstock","13":"purchasable","14":"product-type-simple"},"jetpack_sharing_enabled":true,"_links":{"self":[{"href":"https:\/\/www.hypertera.com\/index.php?rest_route=\/wp\/v2\/product\/1950","targetHints":{"allow":["GET"]}}],"collection":[{"href":"https:\/\/www.hypertera.com\/index.php?rest_route=\/wp\/v2\/product"}],"about":[{"href":"https:\/\/www.hypertera.com\/index.php?rest_route=\/wp\/v2\/types\/product"}],"replies":[{"embeddable":true,"href":"https:\/\/www.hypertera.com\/index.php?rest_route=%2Fwp%2Fv2%2Fcomments&post=1950"}],"wp:featuredmedia":[{"embeddable":true,"href":"https:\/\/www.hypertera.com\/index.php?rest_route=\/wp\/v2\/media\/1951"}],"wp:attachment":[{"href":"https:\/\/www.hypertera.com\/index.php?rest_route=%2Fwp%2Fv2%2Fmedia&parent=1950"}],"wp:term":[{"taxonomy":"product_brand","embeddable":true,"href":"https:\/\/www.hypertera.com\/index.php?rest_route=%2Fwp%2Fv2%2Fproduct_brand&post=1950"},{"taxonomy":"product_cat","embeddable":true,"href":"https:\/\/www.hypertera.com\/index.php?rest_route=%2Fwp%2Fv2%2Fproduct_cat&post=1950"},{"taxonomy":"product_tag","embeddable":true,"href":"https:\/\/www.hypertera.com\/index.php?rest_route=%2Fwp%2Fv2%2Fproduct_tag&post=1950"}],"curies":[{"name":"wp","href":"https:\/\/api.w.org\/{rel}","templated":true}]}}