{"id":191,"date":"2022-07-21T13:42:11","date_gmt":"2022-07-21T13:42:11","guid":{"rendered":"https:\/\/www.hypertera.com\/?product=esitekansio-durabind-2250-a4-pvc-musta"},"modified":"2022-07-21T13:42:32","modified_gmt":"2022-07-21T13:42:32","slug":"esitekansio-durabind-2250-a4-pvc-musta","status":"publish","type":"product","link":"https:\/\/www.hypertera.com\/?product=esitekansio-durabind-2250-a4-pvc-musta","title":{"rendered":"Esitekansio, Durabind 2250, A4, PVC, musta"},"content":{"rendered":"<p>Pysyv\u00e4\u00e4n sidontaan. Paperit nidotaan kiinni kansioon. Teippiliuskat poistetaan ja reuna liimataan niittien p\u00e4\u00e4lle. Kapasiteetti 30 arkkia. Mapitusliuska takakannessa.<\/p>\n","protected":false},"excerpt":{"rendered":"<p>Pysyv\u00e4\u00e4n sidontaan. Paperit nidotaan kiinni kansioon. Teippiliuskat poistetaan ja reuna liimataan niittien p\u00e4\u00e4lle. Kapasiteetti 30 arkkia. Mapitusliuska takakannessa.<\/p>\n","protected":false},"featured_media":192,"comment_status":"closed","ping_status":"closed","template":"","meta":[],"product_brand":[],"product_cat":[120,117,119,31,30,118,16],"product_tag":[121],"class_list":{"0":"post-191","1":"product","2":"type-product","3":"status-publish","4":"has-post-thumbnail","6":"product_cat-erikoiskansiot-kansiot-ja-mapit-toimistotarvikkeet-esitekansiot-ja-pikanitojattuotteet","7":"product_cat-esitekansiot-ja-pikanitojattuotteet","8":"product_cat-kansiot-ja-mapit-toimistotarvikkeet-esitekansiot-ja-pikanitojattuotteet","9":"product_cat-kansiot-ja-mapit","10":"product_cat-toimistotarvikkeet","11":"product_cat-toimistotarvikkeet-esitekansiot-ja-pikanitojattuotteet","12":"product_cat-tuotteet","13":"product_tag-esitekansiot","15":"first","16":"instock","17":"purchasable","18":"product-type-simple"},"jetpack_sharing_enabled":true,"_links":{"self":[{"href":"https:\/\/www.hypertera.com\/index.php?rest_route=\/wp\/v2\/product\/191","targetHints":{"allow":["GET"]}}],"collection":[{"href":"https:\/\/www.hypertera.com\/index.php?rest_route=\/wp\/v2\/product"}],"about":[{"href":"https:\/\/www.hypertera.com\/index.php?rest_route=\/wp\/v2\/types\/product"}],"replies":[{"embeddable":true,"href":"https:\/\/www.hypertera.com\/index.php?rest_route=%2Fwp%2Fv2%2Fcomments&post=191"}],"wp:featuredmedia":[{"embeddable":true,"href":"https:\/\/www.hypertera.com\/index.php?rest_route=\/wp\/v2\/media\/192"}],"wp:attachment":[{"href":"https:\/\/www.hypertera.com\/index.php?rest_route=%2Fwp%2Fv2%2Fmedia&parent=191"}],"wp:term":[{"taxonomy":"product_brand","embeddable":true,"href":"https:\/\/www.hypertera.com\/index.php?rest_route=%2Fwp%2Fv2%2Fproduct_brand&post=191"},{"taxonomy":"product_cat","embeddable":true,"href":"https:\/\/www.hypertera.com\/index.php?rest_route=%2Fwp%2Fv2%2Fproduct_cat&post=191"},{"taxonomy":"product_tag","embeddable":true,"href":"https:\/\/www.hypertera.com\/index.php?rest_route=%2Fwp%2Fv2%2Fproduct_tag&post=191"}],"curies":[{"name":"wp","href":"https:\/\/api.w.org\/{rel}","templated":true}]}}