{"id":1874,"date":"2022-07-21T15:02:38","date_gmt":"2022-07-21T15:02:38","guid":{"rendered":"https:\/\/www.hypertera.com\/?product=mikroskooppi-konustudy-4-150x-450x-900x-alypuhelin-adapterilla"},"modified":"2022-07-21T15:02:41","modified_gmt":"2022-07-21T15:02:41","slug":"mikroskooppi-konustudy-4-150x-450x-900x-alypuhelin-adapterilla","status":"publish","type":"product","link":"https:\/\/www.hypertera.com\/?product=mikroskooppi-konustudy-4-150x-450x-900x-alypuhelin-adapterilla","title":{"rendered":"Mikroskooppi, Konustudy-4, 150x-450x-900x, \u00e4lypuhelin adapterilla"},"content":{"rendered":"<p>Erinomainen mikroskooppi opetusk\u00e4ytt\u00f6\u00f6n. Konustudy-4 mikroskoopilla voit suurentaa 150-900 kertaisesti. Mikroskoopin mukana tulee \u00e4lypuhelin adapteri, jonka avulla voit helposti ottaa kuvan tutkimastasi asiasta puhelimeesi. Adapteri sopii kaikkiin \u00e4lypuhelimiin, jotka ovat v\u00e4hint\u00e4\u00e4n 49 mm ja maksimissaan 89 mm leveit\u00e4. Mikroskoopin runko on muovia, v\u00e4rilt\u00e4\u00e4n sininen ja mukana tulee optisia lasilinssej\u00e4. Tutki mikroskoopin avulla maailman pienimpi\u00e4 asioita, joita ei pelkill\u00e4 silmill\u00e4 n\u00e4e, kuten mineraaleja, kolikoita, postimerkkej\u00e4, hy\u00f6nteisi\u00e4 ja kasveja. Mikroskoopissa on LED valo. Mikroskoopin mukana tulee ohjekirja 8 eri kielell\u00e4. Loistava lahja nuorille, jotka ovat kiinnostuneita luonnontieteist\u00e4. Mikroskoopin koko: pituus 120 mm, leveys 75 mm ja korkeus 250 mm, paino 900g. Valo toimii AA pattereilla, jotka eiv\u00e4t kuulu pakettiin. Suurennokset 150x, 450x tai 900x.   Mikroskoopin mukana tulee:   Konustudy-4 mikroskooppi  Pinsetit  2x n\u00e4ytepulloa  10x kalvoa  2x valmista n\u00e4ytett\u00e4  P\u00e4\u00e4llysliuskoja<\/p>\n","protected":false},"excerpt":{"rendered":"<p>150x-450x-900x, \u00e4lypuhelin adapterilla Konustudy-4 Mikroskooppi<\/p>\n","protected":false},"featured_media":1875,"comment_status":"closed","ping_status":"closed","template":"","meta":[],"product_brand":[],"product_cat":[15],"product_tag":[560],"class_list":{"0":"post-1874","1":"product","2":"type-product","3":"status-publish","4":"has-post-thumbnail","6":"product_cat-uncategorized","7":"product_tag-mikroskoopit","9":"first","10":"outofstock","11":"purchasable","12":"product-type-simple"},"jetpack_sharing_enabled":true,"_links":{"self":[{"href":"https:\/\/www.hypertera.com\/index.php?rest_route=\/wp\/v2\/product\/1874","targetHints":{"allow":["GET"]}}],"collection":[{"href":"https:\/\/www.hypertera.com\/index.php?rest_route=\/wp\/v2\/product"}],"about":[{"href":"https:\/\/www.hypertera.com\/index.php?rest_route=\/wp\/v2\/types\/product"}],"replies":[{"embeddable":true,"href":"https:\/\/www.hypertera.com\/index.php?rest_route=%2Fwp%2Fv2%2Fcomments&post=1874"}],"wp:featuredmedia":[{"embeddable":true,"href":"https:\/\/www.hypertera.com\/index.php?rest_route=\/wp\/v2\/media\/1875"}],"wp:attachment":[{"href":"https:\/\/www.hypertera.com\/index.php?rest_route=%2Fwp%2Fv2%2Fmedia&parent=1874"}],"wp:term":[{"taxonomy":"product_brand","embeddable":true,"href":"https:\/\/www.hypertera.com\/index.php?rest_route=%2Fwp%2Fv2%2Fproduct_brand&post=1874"},{"taxonomy":"product_cat","embeddable":true,"href":"https:\/\/www.hypertera.com\/index.php?rest_route=%2Fwp%2Fv2%2Fproduct_cat&post=1874"},{"taxonomy":"product_tag","embeddable":true,"href":"https:\/\/www.hypertera.com\/index.php?rest_route=%2Fwp%2Fv2%2Fproduct_tag&post=1874"}],"curies":[{"name":"wp","href":"https:\/\/api.w.org\/{rel}","templated":true}]}}