{"id":1870,"date":"2022-07-21T15:02:38","date_gmt":"2022-07-21T15:02:38","guid":{"rendered":"https:\/\/www.hypertera.com\/?product=mikroskooppi-byomic-junior-stereo-20x"},"modified":"2022-07-21T15:02:38","modified_gmt":"2022-07-21T15:02:38","slug":"mikroskooppi-byomic-junior-stereo-20x","status":"publish","type":"product","link":"https:\/\/www.hypertera.com\/?product=mikroskooppi-byomic-junior-stereo-20x","title":{"rendered":"Mikroskooppi, Byomic Junior Stereo, 20x"},"content":{"rendered":"<p>Stereomikroskooppi 20-kertaisella suurennoksella ja paristok\u00e4ytt\u00f6isell\u00e4 LED-valaistuksella (paristot sis\u00e4ltyv\u00e4t). Stereomikroskoopin kahdella okulaarilla saat hyv\u00e4n syvyysn\u00e4kym\u00e4n, ja pystyt tutkimaan k\u00e4tev\u00e4sti monia pieni\u00e4, kiinnostavia asioita, kuten hy\u00f6nteisi\u00e4, kasveja, kolikoita, kivi\u00e4 jne.  LED-valo toimii kahdella AA-paristolla, jotka sis\u00e4ltyv\u00e4t pakettiin.<\/p>\n","protected":false},"excerpt":{"rendered":"<p>Byomic Junior Stereo 20x Mikroskooppi<\/p>\n","protected":false},"featured_media":1871,"comment_status":"closed","ping_status":"closed","template":"","meta":[],"product_brand":[],"product_cat":[15],"product_tag":[560],"class_list":{"0":"post-1870","1":"product","2":"type-product","3":"status-publish","4":"has-post-thumbnail","6":"product_cat-uncategorized","7":"product_tag-mikroskoopit","9":"first","10":"instock","11":"purchasable","12":"product-type-simple"},"jetpack_sharing_enabled":true,"_links":{"self":[{"href":"https:\/\/www.hypertera.com\/index.php?rest_route=\/wp\/v2\/product\/1870","targetHints":{"allow":["GET"]}}],"collection":[{"href":"https:\/\/www.hypertera.com\/index.php?rest_route=\/wp\/v2\/product"}],"about":[{"href":"https:\/\/www.hypertera.com\/index.php?rest_route=\/wp\/v2\/types\/product"}],"replies":[{"embeddable":true,"href":"https:\/\/www.hypertera.com\/index.php?rest_route=%2Fwp%2Fv2%2Fcomments&post=1870"}],"wp:featuredmedia":[{"embeddable":true,"href":"https:\/\/www.hypertera.com\/index.php?rest_route=\/wp\/v2\/media\/1871"}],"wp:attachment":[{"href":"https:\/\/www.hypertera.com\/index.php?rest_route=%2Fwp%2Fv2%2Fmedia&parent=1870"}],"wp:term":[{"taxonomy":"product_brand","embeddable":true,"href":"https:\/\/www.hypertera.com\/index.php?rest_route=%2Fwp%2Fv2%2Fproduct_brand&post=1870"},{"taxonomy":"product_cat","embeddable":true,"href":"https:\/\/www.hypertera.com\/index.php?rest_route=%2Fwp%2Fv2%2Fproduct_cat&post=1870"},{"taxonomy":"product_tag","embeddable":true,"href":"https:\/\/www.hypertera.com\/index.php?rest_route=%2Fwp%2Fv2%2Fproduct_tag&post=1870"}],"curies":[{"name":"wp","href":"https:\/\/api.w.org\/{rel}","templated":true}]}}