{"id":1868,"date":"2022-07-21T15:02:28","date_gmt":"2022-07-21T15:02:28","guid":{"rendered":"https:\/\/www.hypertera.com\/?product=mikroskoopin-tarvikesarja-byomic-junior-experiment-set"},"modified":"2022-07-21T15:02:35","modified_gmt":"2022-07-21T15:02:35","slug":"mikroskoopin-tarvikesarja-byomic-junior-experiment-set","status":"publish","type":"product","link":"https:\/\/www.hypertera.com\/?product=mikroskoopin-tarvikesarja-byomic-junior-experiment-set","title":{"rendered":"Mikroskoopin tarvikesarja, Byomic Junior Experiment Set"},"content":{"rendered":"<p>Mikroskoopin tarvikesarja t\u00e4rkeimmill\u00e4 apuv\u00e4lineill\u00e4.  Sarjaan sis\u00e4ltyy:  10 preparaattilasia (aluslasi) ja 6 p\u00e4\u00e4llyslasia  Suurennoslasi 3-kertaisella suurennoksella  Pipetti, pinsetit, neula, ja kirurginveitsi  Muutamia n\u00e4ytteit\u00e4 (hunajamehil\u00e4inen, tekstiili, perhosen siipi, hiiva, merisuola, katkaravun munat)  Ei alle 6-vuotiaille.<\/p>\n","protected":false},"excerpt":{"rendered":"<p>Byomic Junior Experiment Set Mikroskoopin tarvikesarja<\/p>\n","protected":false},"featured_media":1869,"comment_status":"closed","ping_status":"closed","template":"","meta":[],"product_brand":[],"product_cat":[15],"product_tag":[559],"class_list":{"0":"post-1868","1":"product","2":"type-product","3":"status-publish","4":"has-post-thumbnail","6":"product_cat-uncategorized","7":"product_tag-preparaattisarjat","9":"first","10":"instock","11":"purchasable","12":"product-type-simple"},"jetpack_sharing_enabled":true,"_links":{"self":[{"href":"https:\/\/www.hypertera.com\/index.php?rest_route=\/wp\/v2\/product\/1868","targetHints":{"allow":["GET"]}}],"collection":[{"href":"https:\/\/www.hypertera.com\/index.php?rest_route=\/wp\/v2\/product"}],"about":[{"href":"https:\/\/www.hypertera.com\/index.php?rest_route=\/wp\/v2\/types\/product"}],"replies":[{"embeddable":true,"href":"https:\/\/www.hypertera.com\/index.php?rest_route=%2Fwp%2Fv2%2Fcomments&post=1868"}],"wp:featuredmedia":[{"embeddable":true,"href":"https:\/\/www.hypertera.com\/index.php?rest_route=\/wp\/v2\/media\/1869"}],"wp:attachment":[{"href":"https:\/\/www.hypertera.com\/index.php?rest_route=%2Fwp%2Fv2%2Fmedia&parent=1868"}],"wp:term":[{"taxonomy":"product_brand","embeddable":true,"href":"https:\/\/www.hypertera.com\/index.php?rest_route=%2Fwp%2Fv2%2Fproduct_brand&post=1868"},{"taxonomy":"product_cat","embeddable":true,"href":"https:\/\/www.hypertera.com\/index.php?rest_route=%2Fwp%2Fv2%2Fproduct_cat&post=1868"},{"taxonomy":"product_tag","embeddable":true,"href":"https:\/\/www.hypertera.com\/index.php?rest_route=%2Fwp%2Fv2%2Fproduct_tag&post=1868"}],"curies":[{"name":"wp","href":"https:\/\/api.w.org\/{rel}","templated":true}]}}