{"id":1866,"date":"2022-07-21T15:02:28","date_gmt":"2022-07-21T15:02:28","guid":{"rendered":"https:\/\/www.hypertera.com\/?product=x-miesten-riipus-ristiriipus-rodium-paallystettypoistunut"},"modified":"2022-07-21T15:02:32","modified_gmt":"2022-07-21T15:02:32","slug":"x-miesten-riipus-ristiriipus-rodium-paallystettypoistunut","status":"publish","type":"product","link":"https:\/\/www.hypertera.com\/?product=x-miesten-riipus-ristiriipus-rodium-paallystettypoistunut","title":{"rendered":"X Miesten riipus, Ristiriipus, rodium p\u00e4\u00e4llystetty(POISTUNUT)"},"content":{"rendered":"<p>Tyylik\u00e4s miehille ja naisille sopiva lasinen, rodium p\u00e4\u00e4llystetty ristiriipus.<\/p>\n","protected":false},"excerpt":{"rendered":"<p>Miesten rodium p\u00e4\u00e4llystetty ristiriipus<\/p>\n","protected":false},"featured_media":1867,"comment_status":"closed","ping_status":"closed","template":"","meta":[],"product_brand":[],"product_cat":[15],"product_tag":[558],"class_list":{"0":"post-1866","1":"product","2":"type-product","3":"status-publish","4":"has-post-thumbnail","6":"product_cat-uncategorized","7":"product_tag-miesten-riipukset","9":"first","10":"instock","11":"purchasable","12":"product-type-simple"},"jetpack_sharing_enabled":true,"_links":{"self":[{"href":"https:\/\/www.hypertera.com\/index.php?rest_route=\/wp\/v2\/product\/1866","targetHints":{"allow":["GET"]}}],"collection":[{"href":"https:\/\/www.hypertera.com\/index.php?rest_route=\/wp\/v2\/product"}],"about":[{"href":"https:\/\/www.hypertera.com\/index.php?rest_route=\/wp\/v2\/types\/product"}],"replies":[{"embeddable":true,"href":"https:\/\/www.hypertera.com\/index.php?rest_route=%2Fwp%2Fv2%2Fcomments&post=1866"}],"wp:featuredmedia":[{"embeddable":true,"href":"https:\/\/www.hypertera.com\/index.php?rest_route=\/wp\/v2\/media\/1867"}],"wp:attachment":[{"href":"https:\/\/www.hypertera.com\/index.php?rest_route=%2Fwp%2Fv2%2Fmedia&parent=1866"}],"wp:term":[{"taxonomy":"product_brand","embeddable":true,"href":"https:\/\/www.hypertera.com\/index.php?rest_route=%2Fwp%2Fv2%2Fproduct_brand&post=1866"},{"taxonomy":"product_cat","embeddable":true,"href":"https:\/\/www.hypertera.com\/index.php?rest_route=%2Fwp%2Fv2%2Fproduct_cat&post=1866"},{"taxonomy":"product_tag","embeddable":true,"href":"https:\/\/www.hypertera.com\/index.php?rest_route=%2Fwp%2Fv2%2Fproduct_tag&post=1866"}],"curies":[{"name":"wp","href":"https:\/\/api.w.org\/{rel}","templated":true}]}}