{"id":1864,"date":"2022-07-21T15:02:28","date_gmt":"2022-07-21T15:02:28","guid":{"rendered":"https:\/\/www.hypertera.com\/?product=x-miesten-riipus-musta-kuminen-kaulariipuspoistunut"},"modified":"2022-07-21T15:02:31","modified_gmt":"2022-07-21T15:02:31","slug":"x-miesten-riipus-musta-kuminen-kaulariipuspoistunut","status":"publish","type":"product","link":"https:\/\/www.hypertera.com\/?product=x-miesten-riipus-musta-kuminen-kaulariipuspoistunut","title":{"rendered":"X Miesten riipus, Musta kuminen kaulariipus(POISTUNUT)"},"content":{"rendered":"<p>Tyylik\u00e4s musta kaulariipus, joka sopii etenkin miehille. Kaulakorussa on magneettikiinnitys, joka on ruostumatonta ter\u00e4st\u00e4.<\/p>\n","protected":false},"excerpt":{"rendered":"<p>Miesten riipus, Musta kuminen kaulariipus<\/p>\n","protected":false},"featured_media":1865,"comment_status":"closed","ping_status":"closed","template":"","meta":[],"product_brand":[],"product_cat":[15],"product_tag":[558],"class_list":{"0":"post-1864","1":"product","2":"type-product","3":"status-publish","4":"has-post-thumbnail","6":"product_cat-uncategorized","7":"product_tag-miesten-riipukset","9":"first","10":"instock","11":"purchasable","12":"product-type-simple"},"jetpack_sharing_enabled":true,"_links":{"self":[{"href":"https:\/\/www.hypertera.com\/index.php?rest_route=\/wp\/v2\/product\/1864","targetHints":{"allow":["GET"]}}],"collection":[{"href":"https:\/\/www.hypertera.com\/index.php?rest_route=\/wp\/v2\/product"}],"about":[{"href":"https:\/\/www.hypertera.com\/index.php?rest_route=\/wp\/v2\/types\/product"}],"replies":[{"embeddable":true,"href":"https:\/\/www.hypertera.com\/index.php?rest_route=%2Fwp%2Fv2%2Fcomments&post=1864"}],"wp:featuredmedia":[{"embeddable":true,"href":"https:\/\/www.hypertera.com\/index.php?rest_route=\/wp\/v2\/media\/1865"}],"wp:attachment":[{"href":"https:\/\/www.hypertera.com\/index.php?rest_route=%2Fwp%2Fv2%2Fmedia&parent=1864"}],"wp:term":[{"taxonomy":"product_brand","embeddable":true,"href":"https:\/\/www.hypertera.com\/index.php?rest_route=%2Fwp%2Fv2%2Fproduct_brand&post=1864"},{"taxonomy":"product_cat","embeddable":true,"href":"https:\/\/www.hypertera.com\/index.php?rest_route=%2Fwp%2Fv2%2Fproduct_cat&post=1864"},{"taxonomy":"product_tag","embeddable":true,"href":"https:\/\/www.hypertera.com\/index.php?rest_route=%2Fwp%2Fv2%2Fproduct_tag&post=1864"}],"curies":[{"name":"wp","href":"https:\/\/api.w.org\/{rel}","templated":true}]}}