{"id":1860,"date":"2022-07-21T15:02:28","date_gmt":"2022-07-21T15:02:28","guid":{"rendered":"https:\/\/www.hypertera.com\/?product=miesten-rannekoru-ruostumatonta-terasta"},"modified":"2022-07-21T15:02:28","modified_gmt":"2022-07-21T15:02:28","slug":"miesten-rannekoru-ruostumatonta-terasta","status":"publish","type":"product","link":"https:\/\/www.hypertera.com\/?product=miesten-rannekoru-ruostumatonta-terasta","title":{"rendered":"Miesten rannekoru, Ruostumatonta ter\u00e4st\u00e4"},"content":{"rendered":"<p>Tyylik\u00e4s miesten rannekoru ruostumattomasta ter\u00e4ksest\u00e4. Rannekorun pituutta voi s\u00e4\u00e4t\u00e4\u00e4 poistamalla paloja.<\/p>\n","protected":false},"excerpt":{"rendered":"<p>Miesten rannekoru, Ruostumatonta ter\u00e4st\u00e4<\/p>\n","protected":false},"featured_media":1861,"comment_status":"closed","ping_status":"closed","template":"","meta":[],"product_brand":[],"product_cat":[15],"product_tag":[557],"class_list":{"0":"post-1860","1":"product","2":"type-product","3":"status-publish","4":"has-post-thumbnail","6":"product_cat-uncategorized","7":"product_tag-miesten-rannekorut","9":"first","10":"instock","11":"purchasable","12":"product-type-simple"},"jetpack_sharing_enabled":true,"_links":{"self":[{"href":"https:\/\/www.hypertera.com\/index.php?rest_route=\/wp\/v2\/product\/1860","targetHints":{"allow":["GET"]}}],"collection":[{"href":"https:\/\/www.hypertera.com\/index.php?rest_route=\/wp\/v2\/product"}],"about":[{"href":"https:\/\/www.hypertera.com\/index.php?rest_route=\/wp\/v2\/types\/product"}],"replies":[{"embeddable":true,"href":"https:\/\/www.hypertera.com\/index.php?rest_route=%2Fwp%2Fv2%2Fcomments&post=1860"}],"wp:featuredmedia":[{"embeddable":true,"href":"https:\/\/www.hypertera.com\/index.php?rest_route=\/wp\/v2\/media\/1861"}],"wp:attachment":[{"href":"https:\/\/www.hypertera.com\/index.php?rest_route=%2Fwp%2Fv2%2Fmedia&parent=1860"}],"wp:term":[{"taxonomy":"product_brand","embeddable":true,"href":"https:\/\/www.hypertera.com\/index.php?rest_route=%2Fwp%2Fv2%2Fproduct_brand&post=1860"},{"taxonomy":"product_cat","embeddable":true,"href":"https:\/\/www.hypertera.com\/index.php?rest_route=%2Fwp%2Fv2%2Fproduct_cat&post=1860"},{"taxonomy":"product_tag","embeddable":true,"href":"https:\/\/www.hypertera.com\/index.php?rest_route=%2Fwp%2Fv2%2Fproduct_tag&post=1860"}],"curies":[{"name":"wp","href":"https:\/\/api.w.org\/{rel}","templated":true}]}}