{"id":1832,"date":"2022-07-21T15:01:18","date_gmt":"2022-07-21T15:01:18","guid":{"rendered":"https:\/\/www.hypertera.com\/?product=mattoveitsi-18-mm-muovirunko"},"modified":"2022-07-21T15:01:21","modified_gmt":"2022-07-21T15:01:21","slug":"mattoveitsi-18-mm-muovirunko","status":"publish","type":"product","link":"https:\/\/www.hypertera.com\/?product=mattoveitsi-18-mm-muovirunko","title":{"rendered":"Mattoveitsi, 18 mm, muovirunko"},"content":{"rendered":"<p>Matto\/pakkaus-veitsi normaalilla, vaihdettavalla 18 mm ter\u00e4ll\u00e4. Takaosan tuppi on irrotettavissa, ja sen avulla on helppo ja k\u00e4tev\u00e4 katkaista ter\u00e4st\u00e4 uusi pyk\u00e4l\u00e4 esille. Toimitetaan v\u00e4rilajitelmana tai satunnaisena v\u00e4rin\u00e4.  Ter\u00e4 on luonnollisesti vedett\u00e4v\u00e4ss\u00e4 veitsen sis\u00e4\u00e4n ja lukittavissa haluttuun asentoon. Ter\u00e4n on vaihdettavissa, ja siihen k\u00e4yv\u00e4t kaikki yleisimm\u00e4t 18 mm leve\u00e4t mattoveitsen ter\u00e4t.<\/p>\n","protected":false},"excerpt":{"rendered":"<p>F-Office Mattoveitsi<\/p>\n","protected":false},"featured_media":1833,"comment_status":"closed","ping_status":"closed","template":"","meta":[],"product_brand":[],"product_cat":[551,377,30,16],"product_tag":[552],"class_list":{"0":"post-1832","1":"product","2":"type-product","3":"status-publish","4":"has-post-thumbnail","6":"product_cat-pakkauksen-apuvalineet","7":"product_cat-pakkaustarvikkeet","8":"product_cat-toimistotarvikkeet","9":"product_cat-tuotteet","10":"product_tag-mattoveitset","12":"first","13":"instock","14":"purchasable","15":"product-type-simple"},"jetpack_sharing_enabled":true,"_links":{"self":[{"href":"https:\/\/www.hypertera.com\/index.php?rest_route=\/wp\/v2\/product\/1832","targetHints":{"allow":["GET"]}}],"collection":[{"href":"https:\/\/www.hypertera.com\/index.php?rest_route=\/wp\/v2\/product"}],"about":[{"href":"https:\/\/www.hypertera.com\/index.php?rest_route=\/wp\/v2\/types\/product"}],"replies":[{"embeddable":true,"href":"https:\/\/www.hypertera.com\/index.php?rest_route=%2Fwp%2Fv2%2Fcomments&post=1832"}],"wp:featuredmedia":[{"embeddable":true,"href":"https:\/\/www.hypertera.com\/index.php?rest_route=\/wp\/v2\/media\/1833"}],"wp:attachment":[{"href":"https:\/\/www.hypertera.com\/index.php?rest_route=%2Fwp%2Fv2%2Fmedia&parent=1832"}],"wp:term":[{"taxonomy":"product_brand","embeddable":true,"href":"https:\/\/www.hypertera.com\/index.php?rest_route=%2Fwp%2Fv2%2Fproduct_brand&post=1832"},{"taxonomy":"product_cat","embeddable":true,"href":"https:\/\/www.hypertera.com\/index.php?rest_route=%2Fwp%2Fv2%2Fproduct_cat&post=1832"},{"taxonomy":"product_tag","embeddable":true,"href":"https:\/\/www.hypertera.com\/index.php?rest_route=%2Fwp%2Fv2%2Fproduct_tag&post=1832"}],"curies":[{"name":"wp","href":"https:\/\/api.w.org\/{rel}","templated":true}]}}