{"id":1830,"date":"2022-07-21T15:01:18","date_gmt":"2022-07-21T15:01:18","guid":{"rendered":"https:\/\/www.hypertera.com\/?product=mattoveitsi-18-mm-metallivahvistukset"},"modified":"2022-07-21T15:01:19","modified_gmt":"2022-07-21T15:01:19","slug":"mattoveitsi-18-mm-metallivahvistukset","status":"publish","type":"product","link":"https:\/\/www.hypertera.com\/?product=mattoveitsi-18-mm-metallivahvistukset","title":{"rendered":"Mattoveitsi, 18 mm, metallivahvistukset"},"content":{"rendered":"<p>Mattoveitsi \/ pakkausveitsi ter\u00e4svahvistetulla muovirungolla. Veitsi k\u00e4ytt\u00e4\u00e4 vaihdettavia 18mm leveit\u00e4 teri\u00e4. P\u00e4\u00e4ss\u00e4 irrotettava tuppi, jonka avulla on helppo katkaista uusi pyk\u00e4l\u00e4 ter\u00e4st\u00e4. Ter\u00e4 on vedett\u00e4viss\u00e4 sis\u00e4\u00e4n ja lukittavissa haluttuun asentoon.<\/p>\n","protected":false},"excerpt":{"rendered":"<p>F-Office Mattoveitsi<\/p>\n","protected":false},"featured_media":1831,"comment_status":"closed","ping_status":"closed","template":"","meta":[],"product_brand":[],"product_cat":[551,377,30,16],"product_tag":[552],"class_list":{"0":"post-1830","1":"product","2":"type-product","3":"status-publish","4":"has-post-thumbnail","6":"product_cat-pakkauksen-apuvalineet","7":"product_cat-pakkaustarvikkeet","8":"product_cat-toimistotarvikkeet","9":"product_cat-tuotteet","10":"product_tag-mattoveitset","12":"first","13":"instock","14":"purchasable","15":"product-type-simple"},"jetpack_sharing_enabled":true,"_links":{"self":[{"href":"https:\/\/www.hypertera.com\/index.php?rest_route=\/wp\/v2\/product\/1830","targetHints":{"allow":["GET"]}}],"collection":[{"href":"https:\/\/www.hypertera.com\/index.php?rest_route=\/wp\/v2\/product"}],"about":[{"href":"https:\/\/www.hypertera.com\/index.php?rest_route=\/wp\/v2\/types\/product"}],"replies":[{"embeddable":true,"href":"https:\/\/www.hypertera.com\/index.php?rest_route=%2Fwp%2Fv2%2Fcomments&post=1830"}],"wp:featuredmedia":[{"embeddable":true,"href":"https:\/\/www.hypertera.com\/index.php?rest_route=\/wp\/v2\/media\/1831"}],"wp:attachment":[{"href":"https:\/\/www.hypertera.com\/index.php?rest_route=%2Fwp%2Fv2%2Fmedia&parent=1830"}],"wp:term":[{"taxonomy":"product_brand","embeddable":true,"href":"https:\/\/www.hypertera.com\/index.php?rest_route=%2Fwp%2Fv2%2Fproduct_brand&post=1830"},{"taxonomy":"product_cat","embeddable":true,"href":"https:\/\/www.hypertera.com\/index.php?rest_route=%2Fwp%2Fv2%2Fproduct_cat&post=1830"},{"taxonomy":"product_tag","embeddable":true,"href":"https:\/\/www.hypertera.com\/index.php?rest_route=%2Fwp%2Fv2%2Fproduct_tag&post=1830"}],"curies":[{"name":"wp","href":"https:\/\/api.w.org\/{rel}","templated":true}]}}