{"id":1828,"date":"2022-07-21T15:00:46","date_gmt":"2022-07-21T15:00:46","guid":{"rendered":"https:\/\/www.hypertera.com\/?product=mattoveitsi-18-mm-5-varateraa-punainen"},"modified":"2022-07-21T15:01:08","modified_gmt":"2022-07-21T15:01:08","slug":"mattoveitsi-18-mm-5-varateraa-punainen","status":"publish","type":"product","link":"https:\/\/www.hypertera.com\/?product=mattoveitsi-18-mm-5-varateraa-punainen","title":{"rendered":"Mattoveitsi, 18 mm, 5 varater\u00e4\u00e4, punainen"},"content":{"rendered":"<p>Metallivahvisteinen mattoveitsi 18 mm leve\u00e4ll\u00e4 ter\u00e4ll\u00e4. K\u00e4ytt\u00e4\u00e4 standardeja teri\u00e4, joissa on 8 osaa. Mattoveitsess\u00e4 valmiina olevan ter\u00e4n lis\u00e4ksi mukana tulee 5 varater\u00e4\u00e4 omassa muovikotelossaan.<\/p>\n","protected":false},"excerpt":{"rendered":"<p>18 mm mattoveitsi + 5 varater\u00e4\u00e4<\/p>\n","protected":false},"featured_media":1829,"comment_status":"closed","ping_status":"closed","template":"","meta":[],"product_brand":[],"product_cat":[551,377,30,16],"product_tag":[552],"class_list":{"0":"post-1828","1":"product","2":"type-product","3":"status-publish","4":"has-post-thumbnail","6":"product_cat-pakkauksen-apuvalineet","7":"product_cat-pakkaustarvikkeet","8":"product_cat-toimistotarvikkeet","9":"product_cat-tuotteet","10":"product_tag-mattoveitset","12":"first","13":"instock","14":"purchasable","15":"product-type-simple"},"jetpack_sharing_enabled":true,"_links":{"self":[{"href":"https:\/\/www.hypertera.com\/index.php?rest_route=\/wp\/v2\/product\/1828","targetHints":{"allow":["GET"]}}],"collection":[{"href":"https:\/\/www.hypertera.com\/index.php?rest_route=\/wp\/v2\/product"}],"about":[{"href":"https:\/\/www.hypertera.com\/index.php?rest_route=\/wp\/v2\/types\/product"}],"replies":[{"embeddable":true,"href":"https:\/\/www.hypertera.com\/index.php?rest_route=%2Fwp%2Fv2%2Fcomments&post=1828"}],"wp:featuredmedia":[{"embeddable":true,"href":"https:\/\/www.hypertera.com\/index.php?rest_route=\/wp\/v2\/media\/1829"}],"wp:attachment":[{"href":"https:\/\/www.hypertera.com\/index.php?rest_route=%2Fwp%2Fv2%2Fmedia&parent=1828"}],"wp:term":[{"taxonomy":"product_brand","embeddable":true,"href":"https:\/\/www.hypertera.com\/index.php?rest_route=%2Fwp%2Fv2%2Fproduct_brand&post=1828"},{"taxonomy":"product_cat","embeddable":true,"href":"https:\/\/www.hypertera.com\/index.php?rest_route=%2Fwp%2Fv2%2Fproduct_cat&post=1828"},{"taxonomy":"product_tag","embeddable":true,"href":"https:\/\/www.hypertera.com\/index.php?rest_route=%2Fwp%2Fv2%2Fproduct_tag&post=1828"}],"curies":[{"name":"wp","href":"https:\/\/api.w.org\/{rel}","templated":true}]}}