{"id":1824,"date":"2022-07-21T15:00:46","date_gmt":"2022-07-21T15:00:46","guid":{"rendered":"https:\/\/www.hypertera.com\/?product=x-matkapuhelimen-autolaturi-motorola-car-charger-vc700-mini-usbpoistunut"},"modified":"2022-07-21T15:01:03","modified_gmt":"2022-07-21T15:01:03","slug":"x-matkapuhelimen-autolaturi-motorola-car-charger-vc700-mini-usbpoistunut","status":"publish","type":"product","link":"https:\/\/www.hypertera.com\/?product=x-matkapuhelimen-autolaturi-motorola-car-charger-vc700-mini-usbpoistunut","title":{"rendered":"X Matkapuhelimen autolaturi, Motorola Car Charger VC700, Mini-USB(POISTUNUT)"},"content":{"rendered":"<p>Tupakan sytyttimeen sopiva laturi. USB p\u00e4\u00e4ll\u00e4. Laturilla voit ladata puhelimia ja muita laitteita joihin k\u00e4y mini-USB<\/p>\n","protected":false},"excerpt":{"rendered":"<p>Motorola Car Charger VC700 Mini-USB Matkapuhelimen autolaturi<\/p>\n","protected":false},"featured_media":1825,"comment_status":"closed","ping_status":"closed","template":"","meta":[],"product_brand":[],"product_cat":[15],"product_tag":[550],"class_list":{"0":"post-1824","1":"product","2":"type-product","3":"status-publish","4":"has-post-thumbnail","6":"product_cat-uncategorized","7":"product_tag-matkapuhelimen-autolaturit","9":"first","10":"instock","11":"purchasable","12":"product-type-simple"},"jetpack_sharing_enabled":true,"_links":{"self":[{"href":"https:\/\/www.hypertera.com\/index.php?rest_route=\/wp\/v2\/product\/1824","targetHints":{"allow":["GET"]}}],"collection":[{"href":"https:\/\/www.hypertera.com\/index.php?rest_route=\/wp\/v2\/product"}],"about":[{"href":"https:\/\/www.hypertera.com\/index.php?rest_route=\/wp\/v2\/types\/product"}],"replies":[{"embeddable":true,"href":"https:\/\/www.hypertera.com\/index.php?rest_route=%2Fwp%2Fv2%2Fcomments&post=1824"}],"wp:featuredmedia":[{"embeddable":true,"href":"https:\/\/www.hypertera.com\/index.php?rest_route=\/wp\/v2\/media\/1825"}],"wp:attachment":[{"href":"https:\/\/www.hypertera.com\/index.php?rest_route=%2Fwp%2Fv2%2Fmedia&parent=1824"}],"wp:term":[{"taxonomy":"product_brand","embeddable":true,"href":"https:\/\/www.hypertera.com\/index.php?rest_route=%2Fwp%2Fv2%2Fproduct_brand&post=1824"},{"taxonomy":"product_cat","embeddable":true,"href":"https:\/\/www.hypertera.com\/index.php?rest_route=%2Fwp%2Fv2%2Fproduct_cat&post=1824"},{"taxonomy":"product_tag","embeddable":true,"href":"https:\/\/www.hypertera.com\/index.php?rest_route=%2Fwp%2Fv2%2Fproduct_tag&post=1824"}],"curies":[{"name":"wp","href":"https:\/\/api.w.org\/{rel}","templated":true}]}}